{"id":9965,"date":"2023-02-24T22:26:53","date_gmt":"2023-02-24T19:26:53","guid":{"rendered":"https:\/\/russischeblauwe.com\/?page_id=9965"},"modified":"2024-06-12T10:52:03","modified_gmt":"2024-06-12T07:52:03","slug":"russisch-blau-misha","status":"publish","type":"page","link":"https:\/\/russischeblauwe.com\/de\/russisch-blau-misha\/","title":{"rendered":"Russisch Blau Katze Misha"},"content":{"rendered":"\t\t<div data-elementor-type=\"wp-page\" data-elementor-id=\"9965\" class=\"elementor elementor-9965\">\n\t\t\t\t\t\t\t\t\t<section data-exad-particle-enable=\"false\" class=\"elementor-section elementor-top-section elementor-element elementor-element-82ae577 elementor-section-height-min-height elementor-section-content-middle elementor-section-boxed elementor-section-height-default elementor-section-items-middle exad-parallax-effect-no exad-background-color-change-no exad-glass-effect-no exad-sticky-section-no\" data-id=\"82ae577\" data-element_type=\"section\" data-settings=\"{&quot;background_background&quot;:&quot;classic&quot;,&quot;jet_parallax_layout_list&quot;:[]}\" data-e-bg-lazyload=\"\">\n\t\t\t\t\t\t\t<div class=\"elementor-background-overlay\"><\/div>\n\t\t\t\t\t\t\t<div class=\"elementor-container elementor-column-gap-no\">\n\t\t\t\t\t<div class=\"elementor-column elementor-col-100 elementor-top-column elementor-element elementor-element-cade0a5 exad-glass-effect-no exad-sticky-section-no\" data-id=\"cade0a5\" data-element_type=\"column\">\n\t\t\t<div class=\"elementor-widget-wrap elementor-element-populated\">\n\t\t\t\t\t\t\t\t<div class=\"elementor-element elementor-element-382d3ae exad-sticky-section-no exad-glass-effect-no elementor-widget elementor-widget-heading\" data-id=\"382d3ae\" data-element_type=\"widget\" data-widget_type=\"heading.default\">\n\t\t\t\t<div class=\"elementor-widget-container\">\n\t\t\t<style>\/*! elementor - v3.12.1 - 02-04-2023 *\/\n.elementor-heading-title{padding:0;margin:0;line-height:1}.elementor-widget-heading .elementor-heading-title[class*=elementor-size-]>a{color:inherit;font-size:inherit;line-height:inherit}.elementor-widget-heading .elementor-heading-title.elementor-size-small{font-size:15px}.elementor-widget-heading .elementor-heading-title.elementor-size-medium{font-size:19px}.elementor-widget-heading .elementor-heading-title.elementor-size-large{font-size:29px}.elementor-widget-heading .elementor-heading-title.elementor-size-xl{font-size:39px}.elementor-widget-heading .elementor-heading-title.elementor-size-xxl{font-size:59px}<\/style><h1 class=\"elementor-heading-title elementor-size-default\">Russisch Blau Misha<\/h1>\t\t<\/div>\n\t\t\t\t<\/div>\n\t\t\t\t<div class=\"elementor-element elementor-element-58a6bbc exad-sticky-section-no exad-glass-effect-no elementor-widget elementor-widget-exad-breadcrumbs\" data-id=\"58a6bbc\" data-element_type=\"widget\" data-widget_type=\"exad-breadcrumbs.default\">\n\t\t\t\t<div class=\"elementor-widget-container\">\n\t\t\t\t\t  \n\t\t\t<div class=\"exad-breadcrumb-wrapper\">\n\t\t\t\t<ul class=\"exad-breadcrumb-items\">\n\t\t\t\t\t\t\t\t\t<li class=\"exad-breadcrumb-item first-item\">\n\t\t\t\t\t\t<a href=\"https:\/\/russischeblauwe.com\/de\/\">\n\t\t\t\t\t\tHome\t\n\t\t\t\t\t\t<\/a>\n\t\t\t\t\t\t<i class=\"exad-arrow fas fa-angle-right\"><\/i>\t\t\t\t\t<\/li>\n\n\t\t\t\t\t\t\t\t\t<\/ul>\n\t\t\t<\/div>\n\t\t\t\t<\/div>\n\t\t\t\t<\/div>\n\t\t\t\t\t<\/div>\n\t\t<\/div>\n\t\t\t\t\t\t\t<\/div>\n\t\t<\/section>\n\t\t\t\t<section data-exad-particle-enable=\"false\" class=\"elementor-section elementor-top-section elementor-element elementor-element-71c8168 elementor-section-boxed elementor-section-height-default elementor-section-height-default exad-parallax-effect-no exad-background-color-change-no exad-glass-effect-no exad-sticky-section-no\" data-id=\"71c8168\" data-element_type=\"section\" data-settings=\"{&quot;jet_parallax_layout_list&quot;:[]}\">\n\t\t\t\t\t\t<div class=\"elementor-container elementor-column-gap-default\">\n\t\t\t\t\t<div class=\"elementor-column elementor-col-100 elementor-top-column elementor-element elementor-element-65d8abd exad-glass-effect-no exad-sticky-section-no\" data-id=\"65d8abd\" data-element_type=\"column\">\n\t\t\t<div class=\"elementor-widget-wrap elementor-element-populated\">\n\t\t\t\t\t\t\t\t<div class=\"elementor-element elementor-element-224b599 exad-sticky-section-no exad-glass-effect-no elementor-widget elementor-widget-heading\" data-id=\"224b599\" data-element_type=\"widget\" data-widget_type=\"heading.default\">\n\t\t\t\t<div class=\"elementor-widget-container\">\n\t\t\t<h2 class=\"elementor-heading-title elementor-size-default\">Lernen Sie Misha kennen\n<\/h2>\t\t<\/div>\n\t\t\t\t<\/div>\n\t\t\t\t<div class=\"elementor-element elementor-element-51033df elementor-widget__width-inherit exad-sticky-section-no exad-glass-effect-no elementor-widget elementor-widget-text-editor\" data-id=\"51033df\" data-element_type=\"widget\" data-widget_type=\"text-editor.default\">\n\t\t\t\t<div class=\"elementor-widget-container\">\n\t\t\t<style>\/*! elementor - v3.12.1 - 02-04-2023 *\/\n.elementor-widget-text-editor.elementor-drop-cap-view-stacked .elementor-drop-cap{background-color:#69727d;color:#fff}.elementor-widget-text-editor.elementor-drop-cap-view-framed .elementor-drop-cap{color:#69727d;border:3px solid;background-color:transparent}.elementor-widget-text-editor:not(.elementor-drop-cap-view-default) .elementor-drop-cap{margin-top:8px}.elementor-widget-text-editor:not(.elementor-drop-cap-view-default) .elementor-drop-cap-letter{width:1em;height:1em}.elementor-widget-text-editor .elementor-drop-cap{float:left;text-align:center;line-height:1;font-size:50px}.elementor-widget-text-editor .elementor-drop-cap-letter{display:inline-block}<\/style>\t\t\t\t<p>Misha, die Russisch Blau Katze, ist eine atemberaubende Samtpfote mit elegantem, silberblauen Fell, das im Licht gl\u00e4nzt. Mit ihrem langen, schlanken K\u00f6rper und ihren auffallend gr\u00fcnen Augen ist Misha eine wahre Sch\u00f6nheit. Sie strahlt Selbstvertrauen und Unabh\u00e4ngigkeit aus, mit einer k\u00fchnen Haltung und einem ausgepr\u00e4gten Sinn f\u00fcr Abenteuer.<\/p><p><br \/>Mishas Pers\u00f6nlichkeit ist ebenso beeindruckend wie ihre k\u00f6rperlichen Merkmale. Sie ist eine selbstbewusste und entschlossene Katze, die genau wei\u00df, was sie will, und keine Angst hat, es zu verfolgen. Sie ist auch ausgesprochen unabh\u00e4ngig und erkundet ihre Umgebung lieber auf ihre eigenen Bedingungen, als sich auf andere zu verlassen. Misha ist eine abenteuerlustige Katze, die es liebt, ihre Umwelt zu erkunden, sei es, um neue H\u00f6hen zu erklimmen oder neue D\u00fcfte und Ger\u00e4usche zu entdecken.<\/p><p><br \/>Trotz ihrer unabh\u00e4ngigen Natur ist Misha auch eine liebevolle und anh\u00e4ngliche Katze, die es genie\u00dft, Zeit mit ihrer menschlichen Familie zu verbringen. Sie sucht nicht st\u00e4ndig nach Aufmerksamkeit, aber wenn sie es tut, dann auf ihre eigenen Bedingungen. Sie liebt es, gestreichelt und gekuschelt zu werden, aber nur, wenn sie in der richtigen Stimmung ist. Misha ist loyal und hingebungsvoll gegen\u00fcber denen, die sie liebt, und sie wird immer da sein, um Trost und Gesellschaft zu bieten.<\/p><p><br \/>Als potenzielle Mutter f\u00fcr zuk\u00fcnftige K\u00e4tzchen sind wir zuversichtlich, dass Misha ihr auff\u00e4lliges Aussehen, ihren abenteuerlichen Geist und ihre unabh\u00e4ngige Natur an ihre Nachkommen weitergeben wird. Ihre K\u00e4tzchen werden ihr nat\u00fcrliches Selbstvertrauen und ihre k\u00fchne Haltung erben sowie ihren ausgepr\u00e4gten Sinn f\u00fcr Abenteuer. Wenn Sie eine zuk\u00fcnftige Mutter f\u00fcr Ihre K\u00e4tzchen suchen, die Sch\u00f6nheit, Unabh\u00e4ngigkeit und Aufregung in ihre Linie einbringt, ist Misha die perfekte Wahl.<\/p>\t\t\t\t\t\t<\/div>\n\t\t\t\t<\/div>\n\t\t\t\t<div class=\"elementor-element elementor-element-ce6271e exad-sticky-section-no exad-glass-effect-no elementor-widget elementor-widget-heading\" data-id=\"ce6271e\" data-element_type=\"widget\" data-widget_type=\"heading.default\">\n\t\t\t\t<div class=\"elementor-widget-container\">\n\t\t\t<h2 class=\"elementor-heading-title elementor-size-default\">M\u00f6chten Sie ein K\u00e4tzchen von dieser Katze?<\/h2>\t\t<\/div>\n\t\t\t\t<\/div>\n\t\t\t\t<div class=\"elementor-element elementor-element-6e505cf elementor-align-center exad-sticky-section-no exad-glass-effect-no elementor-widget elementor-widget-button\" data-id=\"6e505cf\" data-element_type=\"widget\" data-widget_type=\"button.default\">\n\t\t\t\t<div class=\"elementor-widget-container\">\n\t\t\t\t\t<div class=\"elementor-button-wrapper\">\n\t\t\t<a href=\"#popup-book\" class=\"elementor-button-link elementor-button elementor-size-md elementor-animation-grow\" role=\"button\">\n\t\t\t\t\t\t<span class=\"elementor-button-content-wrapper\">\n\t\t\t\t\t\t\t<span class=\"elementor-button-icon elementor-align-icon-right\">\n\t\t\t\t\t\t\t<\/span>\n\t\t\t\t\t\t<span class=\"elementor-button-text\">Book Now<\/span>\n\t\t<\/span>\n\t\t\t\t\t<\/a>\n\t\t<\/div>\n\t\t\t\t<\/div>\n\t\t\t\t<\/div>\n\t\t\t\t\t<\/div>\n\t\t<\/div>\n\t\t\t\t\t\t\t<\/div>\n\t\t<\/section>\n\t\t\t\t\t\t\t<\/div>\n\t\t","protected":false},"excerpt":{"rendered":"<p>Russisch Blau Misha Home Lernen Sie Misha kennen Misha, die Russisch Blau Katze, ist eine atemberaubende Samtpfote mit elegantem, silberblauen Fell, das im Licht gl\u00e4nzt. Mit ihrem langen, schlanken K\u00f6rper und ihren auffallend gr\u00fcnen Augen ist Misha eine wahre Sch\u00f6nheit. Sie strahlt Selbstvertrauen und Unabh\u00e4ngigkeit aus, mit einer k\u00fchnen Haltung und einem ausgepr\u00e4gten Sinn f\u00fcr [&hellip;]<\/p>\n","protected":false},"author":2,"featured_media":1259,"parent":0,"menu_order":0,"comment_status":"closed","ping_status":"closed","template":"elementor_header_footer","meta":{"footnotes":""},"class_list":["post-9965","page","type-page","status-publish","has-post-thumbnail","hentry"],"yoast_head":"<!-- This site is optimized with the Yoast SEO plugin v26.1.1 - https:\/\/yoast.com\/wordpress\/plugins\/seo\/ -->\n<title>Russisch Blau Katze Misha | Russian Blue Cattery | Via Emilia<\/title>\n<meta name=\"description\" content=\"Misha, die Russian Blue Katze, ist eine atemberaubende Sch\u00f6nheit mit einem gl\u00e4nzenden, silberblauen Fell, das im Licht strahlt.\" \/>\n<meta name=\"robots\" content=\"index, follow, max-snippet:-1, max-image-preview:large, max-video-preview:-1\" \/>\n<link rel=\"canonical\" href=\"https:\/\/russischeblauwe.com\/de\/russisch-blau-misha\/\" \/>\n<meta property=\"og:locale\" content=\"de_DE\" \/>\n<meta property=\"og:type\" content=\"article\" \/>\n<meta property=\"og:title\" content=\"Russisch Blau Katze Misha | Russian Blue Cattery | Via Emilia\" \/>\n<meta property=\"og:description\" content=\"Misha, die Russian Blue Katze, ist eine atemberaubende Sch\u00f6nheit mit einem gl\u00e4nzenden, silberblauen Fell, das im Licht strahlt.\" \/>\n<meta property=\"og:url\" content=\"https:\/\/russischeblauwe.com\/de\/russisch-blau-misha\/\" \/>\n<meta property=\"og:site_name\" content=\"Russian Blue Kittens | Via Emilia | Netherlands\" \/>\n<meta property=\"article:modified_time\" content=\"2024-06-12T07:52:03+00:00\" \/>\n<meta property=\"og:image\" content=\"https:\/\/russischeblauwe.com\/wp-content\/uploads\/2023\/02\/26.webp\" \/>\n\t<meta property=\"og:image:width\" content=\"649\" \/>\n\t<meta property=\"og:image:height\" content=\"649\" \/>\n\t<meta property=\"og:image:type\" content=\"image\/webp\" \/>\n<meta name=\"twitter:card\" content=\"summary_large_image\" \/>\n<meta name=\"twitter:label1\" content=\"Gesch\u00e4tzte Lesezeit\" \/>\n\t<meta name=\"twitter:data1\" content=\"2\u00a0Minuten\" \/>\n<script type=\"application\/ld+json\" class=\"yoast-schema-graph\">{\"@context\":\"https:\/\/schema.org\",\"@graph\":[{\"@type\":\"WebPage\",\"@id\":\"https:\/\/russischeblauwe.com\/de\/russisch-blau-misha\/\",\"url\":\"https:\/\/russischeblauwe.com\/de\/russisch-blau-misha\/\",\"name\":\"Russisch Blau Katze Misha | Russian Blue Cattery | Via Emilia\",\"isPartOf\":{\"@id\":\"https:\/\/russischeblauwe.com\/#website\"},\"primaryImageOfPage\":{\"@id\":\"https:\/\/russischeblauwe.com\/de\/russisch-blau-misha\/#primaryimage\"},\"image\":{\"@id\":\"https:\/\/russischeblauwe.com\/de\/russisch-blau-misha\/#primaryimage\"},\"thumbnailUrl\":\"https:\/\/russischeblauwe.com\/wp-content\/uploads\/2023\/02\/26.webp\",\"datePublished\":\"2023-02-24T19:26:53+00:00\",\"dateModified\":\"2024-06-12T07:52:03+00:00\",\"description\":\"Misha, die Russian Blue Katze, ist eine atemberaubende Sch\u00f6nheit mit einem gl\u00e4nzenden, silberblauen Fell, das im Licht strahlt.\",\"breadcrumb\":{\"@id\":\"https:\/\/russischeblauwe.com\/de\/russisch-blau-misha\/#breadcrumb\"},\"inLanguage\":\"de\",\"potentialAction\":[{\"@type\":\"ReadAction\",\"target\":[\"https:\/\/russischeblauwe.com\/de\/russisch-blau-misha\/\"]}]},{\"@type\":\"ImageObject\",\"inLanguage\":\"de\",\"@id\":\"https:\/\/russischeblauwe.com\/de\/russisch-blau-misha\/#primaryimage\",\"url\":\"https:\/\/russischeblauwe.com\/wp-content\/uploads\/2023\/02\/26.webp\",\"contentUrl\":\"https:\/\/russischeblauwe.com\/wp-content\/uploads\/2023\/02\/26.webp\",\"width\":649,\"height\":649,\"caption\":\"Elegant Russian Blue cat\"},{\"@type\":\"BreadcrumbList\",\"@id\":\"https:\/\/russischeblauwe.com\/de\/russisch-blau-misha\/#breadcrumb\",\"itemListElement\":[{\"@type\":\"ListItem\",\"position\":1,\"name\":\"Home\",\"item\":\"https:\/\/russischeblauwe.com\/\"},{\"@type\":\"ListItem\",\"position\":2,\"name\":\"Russisch Blau Katze Misha\"}]},{\"@type\":\"WebSite\",\"@id\":\"https:\/\/russischeblauwe.com\/#website\",\"url\":\"https:\/\/russischeblauwe.com\/\",\"name\":\"Russian Blue Kittens | Via Emilia | Netherlands\",\"description\":\"Russian Blue Kittens available for sale\",\"publisher\":{\"@id\":\"https:\/\/russischeblauwe.com\/#\/schema\/person\/d77b59da95222bc54ce8a2af5bb5fa5f\"},\"potentialAction\":[{\"@type\":\"SearchAction\",\"target\":{\"@type\":\"EntryPoint\",\"urlTemplate\":\"https:\/\/russischeblauwe.com\/?s={search_term_string}\"},\"query-input\":{\"@type\":\"PropertyValueSpecification\",\"valueRequired\":true,\"valueName\":\"search_term_string\"}}],\"inLanguage\":\"de\"},{\"@type\":[\"Person\",\"Organization\"],\"@id\":\"https:\/\/russischeblauwe.com\/#\/schema\/person\/d77b59da95222bc54ce8a2af5bb5fa5f\",\"name\":\"\u0440\u0443\u0431-\u0430\u0434\u043c\u0438\u043d\",\"image\":{\"@type\":\"ImageObject\",\"inLanguage\":\"de\",\"@id\":\"https:\/\/russischeblauwe.com\/#\/schema\/person\/image\/\",\"url\":\"https:\/\/russischeblauwe.com\/wp-content\/uploads\/2023\/03\/logo-rb.webp\",\"contentUrl\":\"https:\/\/russischeblauwe.com\/wp-content\/uploads\/2023\/03\/logo-rb.webp\",\"width\":334,\"height\":84,\"caption\":\"\u0440\u0443\u0431-\u0430\u0434\u043c\u0438\u043d\"},\"logo\":{\"@id\":\"https:\/\/russischeblauwe.com\/#\/schema\/person\/image\/\"},\"sameAs\":[\"https:\/\/russischeblauwe.com\"]}]}<\/script>\n<!-- \/ Yoast SEO plugin. -->","yoast_head_json":{"title":"Russisch Blau Katze Misha | Russian Blue Cattery | Via Emilia","description":"Misha, die Russian Blue Katze, ist eine atemberaubende Sch\u00f6nheit mit einem gl\u00e4nzenden, silberblauen Fell, das im Licht strahlt.","robots":{"index":"index","follow":"follow","max-snippet":"max-snippet:-1","max-image-preview":"max-image-preview:large","max-video-preview":"max-video-preview:-1"},"canonical":"https:\/\/russischeblauwe.com\/de\/russisch-blau-misha\/","og_locale":"de_DE","og_type":"article","og_title":"Russisch Blau Katze Misha | Russian Blue Cattery | Via Emilia","og_description":"Misha, die Russian Blue Katze, ist eine atemberaubende Sch\u00f6nheit mit einem gl\u00e4nzenden, silberblauen Fell, das im Licht strahlt.","og_url":"https:\/\/russischeblauwe.com\/de\/russisch-blau-misha\/","og_site_name":"Russian Blue Kittens | Via Emilia | Netherlands","article_modified_time":"2024-06-12T07:52:03+00:00","og_image":[{"width":649,"height":649,"url":"https:\/\/russischeblauwe.com\/wp-content\/uploads\/2023\/02\/26.webp","type":"image\/webp"}],"twitter_card":"summary_large_image","twitter_misc":{"Gesch\u00e4tzte Lesezeit":"2\u00a0Minuten"},"schema":{"@context":"https:\/\/schema.org","@graph":[{"@type":"WebPage","@id":"https:\/\/russischeblauwe.com\/de\/russisch-blau-misha\/","url":"https:\/\/russischeblauwe.com\/de\/russisch-blau-misha\/","name":"Russisch Blau Katze Misha | Russian Blue Cattery | Via Emilia","isPartOf":{"@id":"https:\/\/russischeblauwe.com\/#website"},"primaryImageOfPage":{"@id":"https:\/\/russischeblauwe.com\/de\/russisch-blau-misha\/#primaryimage"},"image":{"@id":"https:\/\/russischeblauwe.com\/de\/russisch-blau-misha\/#primaryimage"},"thumbnailUrl":"https:\/\/russischeblauwe.com\/wp-content\/uploads\/2023\/02\/26.webp","datePublished":"2023-02-24T19:26:53+00:00","dateModified":"2024-06-12T07:52:03+00:00","description":"Misha, die Russian Blue Katze, ist eine atemberaubende Sch\u00f6nheit mit einem gl\u00e4nzenden, silberblauen Fell, das im Licht strahlt.","breadcrumb":{"@id":"https:\/\/russischeblauwe.com\/de\/russisch-blau-misha\/#breadcrumb"},"inLanguage":"de","potentialAction":[{"@type":"ReadAction","target":["https:\/\/russischeblauwe.com\/de\/russisch-blau-misha\/"]}]},{"@type":"ImageObject","inLanguage":"de","@id":"https:\/\/russischeblauwe.com\/de\/russisch-blau-misha\/#primaryimage","url":"https:\/\/russischeblauwe.com\/wp-content\/uploads\/2023\/02\/26.webp","contentUrl":"https:\/\/russischeblauwe.com\/wp-content\/uploads\/2023\/02\/26.webp","width":649,"height":649,"caption":"Elegant Russian Blue cat"},{"@type":"BreadcrumbList","@id":"https:\/\/russischeblauwe.com\/de\/russisch-blau-misha\/#breadcrumb","itemListElement":[{"@type":"ListItem","position":1,"name":"Home","item":"https:\/\/russischeblauwe.com\/"},{"@type":"ListItem","position":2,"name":"Russisch Blau Katze Misha"}]},{"@type":"WebSite","@id":"https:\/\/russischeblauwe.com\/#website","url":"https:\/\/russischeblauwe.com\/","name":"Russian Blue Kittens | Via Emilia | Netherlands","description":"Russian Blue Kittens available for sale","publisher":{"@id":"https:\/\/russischeblauwe.com\/#\/schema\/person\/d77b59da95222bc54ce8a2af5bb5fa5f"},"potentialAction":[{"@type":"SearchAction","target":{"@type":"EntryPoint","urlTemplate":"https:\/\/russischeblauwe.com\/?s={search_term_string}"},"query-input":{"@type":"PropertyValueSpecification","valueRequired":true,"valueName":"search_term_string"}}],"inLanguage":"de"},{"@type":["Person","Organization"],"@id":"https:\/\/russischeblauwe.com\/#\/schema\/person\/d77b59da95222bc54ce8a2af5bb5fa5f","name":"\u0440\u0443\u0431-\u0430\u0434\u043c\u0438\u043d","image":{"@type":"ImageObject","inLanguage":"de","@id":"https:\/\/russischeblauwe.com\/#\/schema\/person\/image\/","url":"https:\/\/russischeblauwe.com\/wp-content\/uploads\/2023\/03\/logo-rb.webp","contentUrl":"https:\/\/russischeblauwe.com\/wp-content\/uploads\/2023\/03\/logo-rb.webp","width":334,"height":84,"caption":"\u0440\u0443\u0431-\u0430\u0434\u043c\u0438\u043d"},"logo":{"@id":"https:\/\/russischeblauwe.com\/#\/schema\/person\/image\/"},"sameAs":["https:\/\/russischeblauwe.com"]}]}},"_links":{"self":[{"href":"https:\/\/russischeblauwe.com\/de\/wp-json\/wp\/v2\/pages\/9965","targetHints":{"allow":["GET"]}}],"collection":[{"href":"https:\/\/russischeblauwe.com\/de\/wp-json\/wp\/v2\/pages"}],"about":[{"href":"https:\/\/russischeblauwe.com\/de\/wp-json\/wp\/v2\/types\/page"}],"author":[{"embeddable":true,"href":"https:\/\/russischeblauwe.com\/de\/wp-json\/wp\/v2\/users\/2"}],"replies":[{"embeddable":true,"href":"https:\/\/russischeblauwe.com\/de\/wp-json\/wp\/v2\/comments?post=9965"}],"version-history":[{"count":9,"href":"https:\/\/russischeblauwe.com\/de\/wp-json\/wp\/v2\/pages\/9965\/revisions"}],"predecessor-version":[{"id":10717,"href":"https:\/\/russischeblauwe.com\/de\/wp-json\/wp\/v2\/pages\/9965\/revisions\/10717"}],"wp:featuredmedia":[{"embeddable":true,"href":"https:\/\/russischeblauwe.com\/de\/wp-json\/wp\/v2\/media\/1259"}],"wp:attachment":[{"href":"https:\/\/russischeblauwe.com\/de\/wp-json\/wp\/v2\/media?parent=9965"}],"curies":[{"name":"wp","href":"https:\/\/api.w.org\/{rel}","templated":true}]}}