{"id":9963,"date":"2023-02-24T22:21:03","date_gmt":"2023-02-24T19:21:03","guid":{"rendered":"https:\/\/russischeblauwe.com\/?page_id=9963"},"modified":"2024-06-12T10:50:22","modified_gmt":"2024-06-12T07:50:22","slug":"russisch-blau-katze-jozefine","status":"publish","type":"page","link":"https:\/\/russischeblauwe.com\/de\/russisch-blau-katze-jozefine\/","title":{"rendered":"Russisch Blau Katze Jozefine"},"content":{"rendered":"\t\t<div data-elementor-type=\"wp-page\" data-elementor-id=\"9963\" class=\"elementor elementor-9963\">\n\t\t\t\t\t\t\t\t\t<section data-exad-particle-enable=\"false\" class=\"elementor-section elementor-top-section elementor-element elementor-element-82ae577 elementor-section-height-min-height elementor-section-content-middle elementor-section-boxed elementor-section-height-default elementor-section-items-middle exad-parallax-effect-no exad-background-color-change-no exad-glass-effect-no exad-sticky-section-no\" data-id=\"82ae577\" data-element_type=\"section\" data-settings=\"{&quot;background_background&quot;:&quot;classic&quot;,&quot;jet_parallax_layout_list&quot;:[]}\" data-e-bg-lazyload=\"\">\n\t\t\t\t\t\t\t<div class=\"elementor-background-overlay\"><\/div>\n\t\t\t\t\t\t\t<div class=\"elementor-container elementor-column-gap-no\">\n\t\t\t\t\t<div class=\"elementor-column elementor-col-100 elementor-top-column elementor-element elementor-element-cade0a5 exad-glass-effect-no exad-sticky-section-no\" data-id=\"cade0a5\" data-element_type=\"column\">\n\t\t\t<div class=\"elementor-widget-wrap elementor-element-populated\">\n\t\t\t\t\t\t\t\t<div class=\"elementor-element elementor-element-382d3ae exad-sticky-section-no exad-glass-effect-no elementor-widget elementor-widget-heading\" data-id=\"382d3ae\" data-element_type=\"widget\" data-widget_type=\"heading.default\">\n\t\t\t\t<div class=\"elementor-widget-container\">\n\t\t\t<style>\/*! elementor - v3.12.1 - 02-04-2023 *\/\n.elementor-heading-title{padding:0;margin:0;line-height:1}.elementor-widget-heading .elementor-heading-title[class*=elementor-size-]>a{color:inherit;font-size:inherit;line-height:inherit}.elementor-widget-heading .elementor-heading-title.elementor-size-small{font-size:15px}.elementor-widget-heading .elementor-heading-title.elementor-size-medium{font-size:19px}.elementor-widget-heading .elementor-heading-title.elementor-size-large{font-size:29px}.elementor-widget-heading .elementor-heading-title.elementor-size-xl{font-size:39px}.elementor-widget-heading .elementor-heading-title.elementor-size-xxl{font-size:59px}<\/style><h1 class=\"elementor-heading-title elementor-size-default\">Russian Blue Jozefine<\/h1>\t\t<\/div>\n\t\t\t\t<\/div>\n\t\t\t\t<div class=\"elementor-element elementor-element-5f14ab4 exad-sticky-section-no exad-glass-effect-no elementor-widget elementor-widget-exad-breadcrumbs\" data-id=\"5f14ab4\" data-element_type=\"widget\" data-widget_type=\"exad-breadcrumbs.default\">\n\t\t\t\t<div class=\"elementor-widget-container\">\n\t\t\t\t\t  \n\t\t\t<div class=\"exad-breadcrumb-wrapper\">\n\t\t\t\t<ul class=\"exad-breadcrumb-items\">\n\t\t\t\t\t\t\t\t\t<li class=\"exad-breadcrumb-item first-item\">\n\t\t\t\t\t\t<a href=\"https:\/\/russischeblauwe.com\/de\/\">\n\t\t\t\t\t\tHome\t\n\t\t\t\t\t\t<\/a>\n\t\t\t\t\t\t<i class=\"exad-arrow fas fa-angle-right\"><\/i>\t\t\t\t\t<\/li>\n\n\t\t\t\t\t\t\t\t\t<\/ul>\n\t\t\t<\/div>\n\t\t\t\t<\/div>\n\t\t\t\t<\/div>\n\t\t\t\t\t<\/div>\n\t\t<\/div>\n\t\t\t\t\t\t\t<\/div>\n\t\t<\/section>\n\t\t\t\t<section data-exad-particle-enable=\"false\" class=\"elementor-section elementor-top-section elementor-element elementor-element-71c8168 elementor-section-boxed elementor-section-height-default elementor-section-height-default exad-parallax-effect-no exad-background-color-change-no exad-glass-effect-no exad-sticky-section-no\" data-id=\"71c8168\" data-element_type=\"section\" data-settings=\"{&quot;jet_parallax_layout_list&quot;:[]}\">\n\t\t\t\t\t\t<div class=\"elementor-container elementor-column-gap-default\">\n\t\t\t\t\t<div class=\"elementor-column elementor-col-100 elementor-top-column elementor-element elementor-element-65d8abd exad-glass-effect-no exad-sticky-section-no\" data-id=\"65d8abd\" data-element_type=\"column\">\n\t\t\t<div class=\"elementor-widget-wrap elementor-element-populated\">\n\t\t\t\t\t\t\t\t<div class=\"elementor-element elementor-element-224b599 exad-sticky-section-no exad-glass-effect-no elementor-widget elementor-widget-heading\" data-id=\"224b599\" data-element_type=\"widget\" data-widget_type=\"heading.default\">\n\t\t\t\t<div class=\"elementor-widget-container\">\n\t\t\t<h2 class=\"elementor-heading-title elementor-size-default\">Lernen Sie Jozefine kennen\n<\/h2>\t\t<\/div>\n\t\t\t\t<\/div>\n\t\t\t\t<div class=\"elementor-element elementor-element-51033df elementor-widget__width-inherit exad-sticky-section-no exad-glass-effect-no elementor-widget elementor-widget-text-editor\" data-id=\"51033df\" data-element_type=\"widget\" data-widget_type=\"text-editor.default\">\n\t\t\t\t<div class=\"elementor-widget-container\">\n\t\t\t<style>\/*! elementor - v3.12.1 - 02-04-2023 *\/\n.elementor-widget-text-editor.elementor-drop-cap-view-stacked .elementor-drop-cap{background-color:#69727d;color:#fff}.elementor-widget-text-editor.elementor-drop-cap-view-framed .elementor-drop-cap{color:#69727d;border:3px solid;background-color:transparent}.elementor-widget-text-editor:not(.elementor-drop-cap-view-default) .elementor-drop-cap{margin-top:8px}.elementor-widget-text-editor:not(.elementor-drop-cap-view-default) .elementor-drop-cap-letter{width:1em;height:1em}.elementor-widget-text-editor .elementor-drop-cap{float:left;text-align:center;line-height:1;font-size:50px}.elementor-widget-text-editor .elementor-drop-cap-letter{display:inline-block}<\/style>\t\t\t\t<p>Jozefine, die Russisch Blau Katze, ist eine atemberaubende Samtpfote mit einem eleganten, silberblauen Fell, das im Licht schimmert. Ihr langer, schlanker K\u00f6rper und ihre auffallend gr\u00fcnen Augen machen sie zu einer wahren Sch\u00f6nheit. Doch Jozefines k\u00f6rperliche Merkmale sind nur der Anfang dessen, was sie zu einer gro\u00dfartigen potenziellen Mutter f\u00fcr zuk\u00fcnftige K\u00e4tzchen macht.<br \/><br \/><\/p><p>Jozefines Pers\u00f6nlichkeit ist wirklich bemerkenswert. Sie ist eine loyale und hingebungsvolle Katze mit einem Herz aus Gold und tiefer Zuneigung zu ihrer menschlichen Familie. Sie ist die Art von Katze, die stundenlang auf Ihrem Scho\u00df schnurrend und zufrieden liegt und Ihre Zuneigung sucht. Jozefine ist immer bestrebt, zu gefallen, und sie liebt es, Zeit mit ihrer menschlichen Familie zu verbringen, sei es beim Spielen, Nickerchen machen oder einfach nur beim Zusammensein.<br \/><br \/><\/p><p>Trotz ihrer liebevollen Natur ist Jozefine auch eine unabh\u00e4ngige Katze, die wei\u00df, wie man auf sich selbst aufpasst. Sie ist selbstbewusst und entschlossen und hat keine Angst, f\u00fcr sich selbst einzustehen, wenn es n\u00f6tig ist. Jozefine ist eine ruhige und geduldige Katze, die so gut wie jede Situation mit Anmut und Gelassenheit meistern kann. Sie ist die Art von Katze, die sich auch in schwierigen Situationen nicht aus der Ruhe bringen l\u00e4sst.<br \/><br \/><\/p><p>Als potenzielle Mutter f\u00fcr zuk\u00fcnftige K\u00e4tzchen ist Jozefine eine ausgezeichnete Wahl. Ihre K\u00e4tzchen werden ihre loyale und hingebungsvolle Pers\u00f6nlichkeit sowie ihre unabh\u00e4ngige Natur und ihre F\u00e4higkeit, jede Situation mit Anmut und Gelassenheit zu meistern, erben. Wenn Sie eine zuk\u00fcnftige Mutter f\u00fcr Ihre K\u00e4tzchen suchen, die Sch\u00f6nheit, Loyalit\u00e4t und Zuneigung in ihre Linie einbringt, ist Jozefine die perfekte Wahl.<\/p>\t\t\t\t\t\t<\/div>\n\t\t\t\t<\/div>\n\t\t\t\t<div class=\"elementor-element elementor-element-ce6271e exad-sticky-section-no exad-glass-effect-no elementor-widget elementor-widget-heading\" data-id=\"ce6271e\" data-element_type=\"widget\" data-widget_type=\"heading.default\">\n\t\t\t\t<div class=\"elementor-widget-container\">\n\t\t\t<h3 class=\"elementor-heading-title elementor-size-default\">M\u00f6chten Sie ein K\u00e4tzchen von dieser Katze?<\/h3>\t\t<\/div>\n\t\t\t\t<\/div>\n\t\t\t\t<div class=\"elementor-element elementor-element-989c6fb elementor-align-center exad-sticky-section-no exad-glass-effect-no elementor-widget elementor-widget-button\" data-id=\"989c6fb\" data-element_type=\"widget\" data-widget_type=\"button.default\">\n\t\t\t\t<div class=\"elementor-widget-container\">\n\t\t\t\t\t<div class=\"elementor-button-wrapper\">\n\t\t\t<a href=\"#popup-book\" class=\"elementor-button-link elementor-button elementor-size-md elementor-animation-grow\" role=\"button\">\n\t\t\t\t\t\t<span class=\"elementor-button-content-wrapper\">\n\t\t\t\t\t\t\t<span class=\"elementor-button-icon elementor-align-icon-right\">\n\t\t\t\t\t\t\t<\/span>\n\t\t\t\t\t\t<span class=\"elementor-button-text\">Book Now<\/span>\n\t\t<\/span>\n\t\t\t\t\t<\/a>\n\t\t<\/div>\n\t\t\t\t<\/div>\n\t\t\t\t<\/div>\n\t\t\t\t\t<\/div>\n\t\t<\/div>\n\t\t\t\t\t\t\t<\/div>\n\t\t<\/section>\n\t\t\t\t\t\t\t<\/div>\n\t\t","protected":false},"excerpt":{"rendered":"<p>Russian Blue Jozefine Home Lernen Sie Jozefine kennen Jozefine, die Russisch Blau Katze, ist eine atemberaubende Samtpfote mit einem eleganten, silberblauen Fell, das im Licht schimmert. Ihr langer, schlanker K\u00f6rper und ihre auffallend gr\u00fcnen Augen machen sie zu einer wahren Sch\u00f6nheit. Doch Jozefines k\u00f6rperliche Merkmale sind nur der Anfang dessen, was sie zu einer gro\u00dfartigen [&hellip;]<\/p>\n","protected":false},"author":2,"featured_media":1262,"parent":0,"menu_order":0,"comment_status":"closed","ping_status":"closed","template":"elementor_header_footer","meta":{"footnotes":""},"class_list":["post-9963","page","type-page","status-publish","has-post-thumbnail","hentry"],"yoast_head":"<!-- This site is optimized with the Yoast SEO plugin v26.1.1 - https:\/\/yoast.com\/wordpress\/plugins\/seo\/ -->\n<title>Russisch Blau Katze Jozefine | Russian Blue Cattery | Via Emilia<\/title>\n<meta name=\"description\" content=\"Jozefine, die Russian Blue Katze, ist eine atemberaubende Sch\u00f6nheit mit einem gl\u00e4nzenden, silberblauen Fell, das im Licht schimmert. Ihr langer, schlanker K\u00f6rper und ihre auffallenden gr\u00fcnen Augen machen sie zu einer wahren Augenweide.\" \/>\n<meta name=\"robots\" content=\"index, follow, max-snippet:-1, max-image-preview:large, max-video-preview:-1\" \/>\n<link rel=\"canonical\" href=\"https:\/\/russischeblauwe.com\/de\/russisch-blau-katze-jozefine\/\" \/>\n<meta property=\"og:locale\" content=\"de_DE\" \/>\n<meta property=\"og:type\" content=\"article\" \/>\n<meta property=\"og:title\" content=\"Russisch Blau Katze Jozefine | Russian Blue Cattery | Via Emilia\" \/>\n<meta property=\"og:description\" content=\"Jozefine, die Russian Blue Katze, ist eine atemberaubende Sch\u00f6nheit mit einem gl\u00e4nzenden, silberblauen Fell, das im Licht schimmert. Ihr langer, schlanker K\u00f6rper und ihre auffallenden gr\u00fcnen Augen machen sie zu einer wahren Augenweide.\" \/>\n<meta property=\"og:url\" content=\"https:\/\/russischeblauwe.com\/de\/russisch-blau-katze-jozefine\/\" \/>\n<meta property=\"og:site_name\" content=\"Russian Blue Kittens | Via Emilia | Netherlands\" \/>\n<meta property=\"article:modified_time\" content=\"2024-06-12T07:50:22+00:00\" \/>\n<meta property=\"og:image\" content=\"https:\/\/russischeblauwe.com\/wp-content\/uploads\/2023\/02\/14.webp\" \/>\n\t<meta property=\"og:image:width\" content=\"649\" \/>\n\t<meta property=\"og:image:height\" content=\"649\" \/>\n\t<meta property=\"og:image:type\" content=\"image\/webp\" \/>\n<meta name=\"twitter:card\" content=\"summary_large_image\" \/>\n<meta name=\"twitter:label1\" content=\"Gesch\u00e4tzte Lesezeit\" \/>\n\t<meta name=\"twitter:data1\" content=\"2\u00a0Minuten\" \/>\n<script type=\"application\/ld+json\" class=\"yoast-schema-graph\">{\"@context\":\"https:\/\/schema.org\",\"@graph\":[{\"@type\":\"WebPage\",\"@id\":\"https:\/\/russischeblauwe.com\/de\/russisch-blau-katze-jozefine\/\",\"url\":\"https:\/\/russischeblauwe.com\/de\/russisch-blau-katze-jozefine\/\",\"name\":\"Russisch Blau Katze Jozefine | Russian Blue Cattery | Via Emilia\",\"isPartOf\":{\"@id\":\"https:\/\/russischeblauwe.com\/#website\"},\"primaryImageOfPage\":{\"@id\":\"https:\/\/russischeblauwe.com\/de\/russisch-blau-katze-jozefine\/#primaryimage\"},\"image\":{\"@id\":\"https:\/\/russischeblauwe.com\/de\/russisch-blau-katze-jozefine\/#primaryimage\"},\"thumbnailUrl\":\"https:\/\/russischeblauwe.com\/wp-content\/uploads\/2023\/02\/14.webp\",\"datePublished\":\"2023-02-24T19:21:03+00:00\",\"dateModified\":\"2024-06-12T07:50:22+00:00\",\"description\":\"Jozefine, die Russian Blue Katze, ist eine atemberaubende Sch\u00f6nheit mit einem gl\u00e4nzenden, silberblauen Fell, das im Licht schimmert. Ihr langer, schlanker K\u00f6rper und ihre auffallenden gr\u00fcnen Augen machen sie zu einer wahren Augenweide.\",\"breadcrumb\":{\"@id\":\"https:\/\/russischeblauwe.com\/de\/russisch-blau-katze-jozefine\/#breadcrumb\"},\"inLanguage\":\"de\",\"potentialAction\":[{\"@type\":\"ReadAction\",\"target\":[\"https:\/\/russischeblauwe.com\/de\/russisch-blau-katze-jozefine\/\"]}]},{\"@type\":\"ImageObject\",\"inLanguage\":\"de\",\"@id\":\"https:\/\/russischeblauwe.com\/de\/russisch-blau-katze-jozefine\/#primaryimage\",\"url\":\"https:\/\/russischeblauwe.com\/wp-content\/uploads\/2023\/02\/14.webp\",\"contentUrl\":\"https:\/\/russischeblauwe.com\/wp-content\/uploads\/2023\/02\/14.webp\",\"width\":649,\"height\":649,\"caption\":\"Female Russian Blue Cat Josefina\"},{\"@type\":\"BreadcrumbList\",\"@id\":\"https:\/\/russischeblauwe.com\/de\/russisch-blau-katze-jozefine\/#breadcrumb\",\"itemListElement\":[{\"@type\":\"ListItem\",\"position\":1,\"name\":\"Home\",\"item\":\"https:\/\/russischeblauwe.com\/\"},{\"@type\":\"ListItem\",\"position\":2,\"name\":\"Russisch Blau Katze Jozefine\"}]},{\"@type\":\"WebSite\",\"@id\":\"https:\/\/russischeblauwe.com\/#website\",\"url\":\"https:\/\/russischeblauwe.com\/\",\"name\":\"Russian Blue Kittens | Via Emilia | Netherlands\",\"description\":\"Russian Blue Kittens available for sale\",\"publisher\":{\"@id\":\"https:\/\/russischeblauwe.com\/#\/schema\/person\/d77b59da95222bc54ce8a2af5bb5fa5f\"},\"potentialAction\":[{\"@type\":\"SearchAction\",\"target\":{\"@type\":\"EntryPoint\",\"urlTemplate\":\"https:\/\/russischeblauwe.com\/?s={search_term_string}\"},\"query-input\":{\"@type\":\"PropertyValueSpecification\",\"valueRequired\":true,\"valueName\":\"search_term_string\"}}],\"inLanguage\":\"de\"},{\"@type\":[\"Person\",\"Organization\"],\"@id\":\"https:\/\/russischeblauwe.com\/#\/schema\/person\/d77b59da95222bc54ce8a2af5bb5fa5f\",\"name\":\"\u0440\u0443\u0431-\u0430\u0434\u043c\u0438\u043d\",\"image\":{\"@type\":\"ImageObject\",\"inLanguage\":\"de\",\"@id\":\"https:\/\/russischeblauwe.com\/#\/schema\/person\/image\/\",\"url\":\"https:\/\/russischeblauwe.com\/wp-content\/uploads\/2023\/03\/logo-rb.webp\",\"contentUrl\":\"https:\/\/russischeblauwe.com\/wp-content\/uploads\/2023\/03\/logo-rb.webp\",\"width\":334,\"height\":84,\"caption\":\"\u0440\u0443\u0431-\u0430\u0434\u043c\u0438\u043d\"},\"logo\":{\"@id\":\"https:\/\/russischeblauwe.com\/#\/schema\/person\/image\/\"},\"sameAs\":[\"https:\/\/russischeblauwe.com\"]}]}<\/script>\n<!-- \/ Yoast SEO plugin. -->","yoast_head_json":{"title":"Russisch Blau Katze Jozefine | Russian Blue Cattery | Via Emilia","description":"Jozefine, die Russian Blue Katze, ist eine atemberaubende Sch\u00f6nheit mit einem gl\u00e4nzenden, silberblauen Fell, das im Licht schimmert. Ihr langer, schlanker K\u00f6rper und ihre auffallenden gr\u00fcnen Augen machen sie zu einer wahren Augenweide.","robots":{"index":"index","follow":"follow","max-snippet":"max-snippet:-1","max-image-preview":"max-image-preview:large","max-video-preview":"max-video-preview:-1"},"canonical":"https:\/\/russischeblauwe.com\/de\/russisch-blau-katze-jozefine\/","og_locale":"de_DE","og_type":"article","og_title":"Russisch Blau Katze Jozefine | Russian Blue Cattery | Via Emilia","og_description":"Jozefine, die Russian Blue Katze, ist eine atemberaubende Sch\u00f6nheit mit einem gl\u00e4nzenden, silberblauen Fell, das im Licht schimmert. Ihr langer, schlanker K\u00f6rper und ihre auffallenden gr\u00fcnen Augen machen sie zu einer wahren Augenweide.","og_url":"https:\/\/russischeblauwe.com\/de\/russisch-blau-katze-jozefine\/","og_site_name":"Russian Blue Kittens | Via Emilia | Netherlands","article_modified_time":"2024-06-12T07:50:22+00:00","og_image":[{"width":649,"height":649,"url":"https:\/\/russischeblauwe.com\/wp-content\/uploads\/2023\/02\/14.webp","type":"image\/webp"}],"twitter_card":"summary_large_image","twitter_misc":{"Gesch\u00e4tzte Lesezeit":"2\u00a0Minuten"},"schema":{"@context":"https:\/\/schema.org","@graph":[{"@type":"WebPage","@id":"https:\/\/russischeblauwe.com\/de\/russisch-blau-katze-jozefine\/","url":"https:\/\/russischeblauwe.com\/de\/russisch-blau-katze-jozefine\/","name":"Russisch Blau Katze Jozefine | Russian Blue Cattery | Via Emilia","isPartOf":{"@id":"https:\/\/russischeblauwe.com\/#website"},"primaryImageOfPage":{"@id":"https:\/\/russischeblauwe.com\/de\/russisch-blau-katze-jozefine\/#primaryimage"},"image":{"@id":"https:\/\/russischeblauwe.com\/de\/russisch-blau-katze-jozefine\/#primaryimage"},"thumbnailUrl":"https:\/\/russischeblauwe.com\/wp-content\/uploads\/2023\/02\/14.webp","datePublished":"2023-02-24T19:21:03+00:00","dateModified":"2024-06-12T07:50:22+00:00","description":"Jozefine, die Russian Blue Katze, ist eine atemberaubende Sch\u00f6nheit mit einem gl\u00e4nzenden, silberblauen Fell, das im Licht schimmert. Ihr langer, schlanker K\u00f6rper und ihre auffallenden gr\u00fcnen Augen machen sie zu einer wahren Augenweide.","breadcrumb":{"@id":"https:\/\/russischeblauwe.com\/de\/russisch-blau-katze-jozefine\/#breadcrumb"},"inLanguage":"de","potentialAction":[{"@type":"ReadAction","target":["https:\/\/russischeblauwe.com\/de\/russisch-blau-katze-jozefine\/"]}]},{"@type":"ImageObject","inLanguage":"de","@id":"https:\/\/russischeblauwe.com\/de\/russisch-blau-katze-jozefine\/#primaryimage","url":"https:\/\/russischeblauwe.com\/wp-content\/uploads\/2023\/02\/14.webp","contentUrl":"https:\/\/russischeblauwe.com\/wp-content\/uploads\/2023\/02\/14.webp","width":649,"height":649,"caption":"Female Russian Blue Cat Josefina"},{"@type":"BreadcrumbList","@id":"https:\/\/russischeblauwe.com\/de\/russisch-blau-katze-jozefine\/#breadcrumb","itemListElement":[{"@type":"ListItem","position":1,"name":"Home","item":"https:\/\/russischeblauwe.com\/"},{"@type":"ListItem","position":2,"name":"Russisch Blau Katze Jozefine"}]},{"@type":"WebSite","@id":"https:\/\/russischeblauwe.com\/#website","url":"https:\/\/russischeblauwe.com\/","name":"Russian Blue Kittens | Via Emilia | Netherlands","description":"Russian Blue Kittens available for sale","publisher":{"@id":"https:\/\/russischeblauwe.com\/#\/schema\/person\/d77b59da95222bc54ce8a2af5bb5fa5f"},"potentialAction":[{"@type":"SearchAction","target":{"@type":"EntryPoint","urlTemplate":"https:\/\/russischeblauwe.com\/?s={search_term_string}"},"query-input":{"@type":"PropertyValueSpecification","valueRequired":true,"valueName":"search_term_string"}}],"inLanguage":"de"},{"@type":["Person","Organization"],"@id":"https:\/\/russischeblauwe.com\/#\/schema\/person\/d77b59da95222bc54ce8a2af5bb5fa5f","name":"\u0440\u0443\u0431-\u0430\u0434\u043c\u0438\u043d","image":{"@type":"ImageObject","inLanguage":"de","@id":"https:\/\/russischeblauwe.com\/#\/schema\/person\/image\/","url":"https:\/\/russischeblauwe.com\/wp-content\/uploads\/2023\/03\/logo-rb.webp","contentUrl":"https:\/\/russischeblauwe.com\/wp-content\/uploads\/2023\/03\/logo-rb.webp","width":334,"height":84,"caption":"\u0440\u0443\u0431-\u0430\u0434\u043c\u0438\u043d"},"logo":{"@id":"https:\/\/russischeblauwe.com\/#\/schema\/person\/image\/"},"sameAs":["https:\/\/russischeblauwe.com"]}]}},"_links":{"self":[{"href":"https:\/\/russischeblauwe.com\/de\/wp-json\/wp\/v2\/pages\/9963","targetHints":{"allow":["GET"]}}],"collection":[{"href":"https:\/\/russischeblauwe.com\/de\/wp-json\/wp\/v2\/pages"}],"about":[{"href":"https:\/\/russischeblauwe.com\/de\/wp-json\/wp\/v2\/types\/page"}],"author":[{"embeddable":true,"href":"https:\/\/russischeblauwe.com\/de\/wp-json\/wp\/v2\/users\/2"}],"replies":[{"embeddable":true,"href":"https:\/\/russischeblauwe.com\/de\/wp-json\/wp\/v2\/comments?post=9963"}],"version-history":[{"count":6,"href":"https:\/\/russischeblauwe.com\/de\/wp-json\/wp\/v2\/pages\/9963\/revisions"}],"predecessor-version":[{"id":10716,"href":"https:\/\/russischeblauwe.com\/de\/wp-json\/wp\/v2\/pages\/9963\/revisions\/10716"}],"wp:featuredmedia":[{"embeddable":true,"href":"https:\/\/russischeblauwe.com\/de\/wp-json\/wp\/v2\/media\/1262"}],"wp:attachment":[{"href":"https:\/\/russischeblauwe.com\/de\/wp-json\/wp\/v2\/media?parent=9963"}],"curies":[{"name":"wp","href":"https:\/\/api.w.org\/{rel}","templated":true}]}}