{"id":9962,"date":"2023-02-24T22:23:14","date_gmt":"2023-02-24T19:23:14","guid":{"rendered":"https:\/\/russischeblauwe.com\/?page_id=9962"},"modified":"2024-06-12T10:48:28","modified_gmt":"2024-06-12T07:48:28","slug":"erwachsene-russisch-blau-katze-emmily","status":"publish","type":"page","link":"https:\/\/russischeblauwe.com\/de\/erwachsene-russisch-blau-katze-emmily\/","title":{"rendered":"Russisch Blau Katze Emmily"},"content":{"rendered":"\t\t<div data-elementor-type=\"wp-page\" data-elementor-id=\"9962\" class=\"elementor elementor-9962\">\n\t\t\t\t\t\t\t\t\t<section data-exad-particle-enable=\"false\" class=\"elementor-section elementor-top-section elementor-element elementor-element-82ae577 elementor-section-height-min-height elementor-section-content-middle elementor-section-boxed elementor-section-height-default elementor-section-items-middle exad-parallax-effect-no exad-background-color-change-no exad-glass-effect-no exad-sticky-section-no\" data-id=\"82ae577\" data-element_type=\"section\" data-settings=\"{&quot;background_background&quot;:&quot;classic&quot;,&quot;jet_parallax_layout_list&quot;:[]}\" data-e-bg-lazyload=\"\">\n\t\t\t\t\t\t\t<div class=\"elementor-background-overlay\"><\/div>\n\t\t\t\t\t\t\t<div class=\"elementor-container elementor-column-gap-no\">\n\t\t\t\t\t<div class=\"elementor-column elementor-col-100 elementor-top-column elementor-element elementor-element-cade0a5 exad-glass-effect-no exad-sticky-section-no\" data-id=\"cade0a5\" data-element_type=\"column\">\n\t\t\t<div class=\"elementor-widget-wrap elementor-element-populated\">\n\t\t\t\t\t\t\t\t<div class=\"elementor-element elementor-element-382d3ae exad-sticky-section-no exad-glass-effect-no elementor-widget elementor-widget-heading\" data-id=\"382d3ae\" data-element_type=\"widget\" data-widget_type=\"heading.default\">\n\t\t\t\t<div class=\"elementor-widget-container\">\n\t\t\t<style>\/*! elementor - v3.12.1 - 02-04-2023 *\/\n.elementor-heading-title{padding:0;margin:0;line-height:1}.elementor-widget-heading .elementor-heading-title[class*=elementor-size-]>a{color:inherit;font-size:inherit;line-height:inherit}.elementor-widget-heading .elementor-heading-title.elementor-size-small{font-size:15px}.elementor-widget-heading .elementor-heading-title.elementor-size-medium{font-size:19px}.elementor-widget-heading .elementor-heading-title.elementor-size-large{font-size:29px}.elementor-widget-heading .elementor-heading-title.elementor-size-xl{font-size:39px}.elementor-widget-heading .elementor-heading-title.elementor-size-xxl{font-size:59px}<\/style><h1 class=\"elementor-heading-title elementor-size-default\">Russisch Blau Emmily<\/h1>\t\t<\/div>\n\t\t\t\t<\/div>\n\t\t\t\t<div class=\"elementor-element elementor-element-fc50ddd exad-sticky-section-no exad-glass-effect-no elementor-widget elementor-widget-exad-breadcrumbs\" data-id=\"fc50ddd\" data-element_type=\"widget\" data-widget_type=\"exad-breadcrumbs.default\">\n\t\t\t\t<div class=\"elementor-widget-container\">\n\t\t\t\t\t  \n\t\t\t<div class=\"exad-breadcrumb-wrapper\">\n\t\t\t\t<ul class=\"exad-breadcrumb-items\">\n\t\t\t\t\t\t\t\t\t<li class=\"exad-breadcrumb-item first-item\">\n\t\t\t\t\t\t<a href=\"https:\/\/russischeblauwe.com\/de\/\">\n\t\t\t\t\t\tHome\t\n\t\t\t\t\t\t<\/a>\n\t\t\t\t\t\t<i class=\"exad-arrow fas fa-angle-right\"><\/i>\t\t\t\t\t<\/li>\n\n\t\t\t\t\t\t\t\t\t<\/ul>\n\t\t\t<\/div>\n\t\t\t\t<\/div>\n\t\t\t\t<\/div>\n\t\t\t\t\t<\/div>\n\t\t<\/div>\n\t\t\t\t\t\t\t<\/div>\n\t\t<\/section>\n\t\t\t\t<section data-exad-particle-enable=\"false\" class=\"elementor-section elementor-top-section elementor-element elementor-element-71c8168 elementor-section-boxed elementor-section-height-default elementor-section-height-default exad-parallax-effect-no exad-background-color-change-no exad-glass-effect-no exad-sticky-section-no\" data-id=\"71c8168\" data-element_type=\"section\" data-settings=\"{&quot;jet_parallax_layout_list&quot;:[]}\">\n\t\t\t\t\t\t<div class=\"elementor-container elementor-column-gap-default\">\n\t\t\t\t\t<div class=\"elementor-column elementor-col-100 elementor-top-column elementor-element elementor-element-65d8abd exad-glass-effect-no exad-sticky-section-no\" data-id=\"65d8abd\" data-element_type=\"column\">\n\t\t\t<div class=\"elementor-widget-wrap elementor-element-populated\">\n\t\t\t\t\t\t\t\t<div class=\"elementor-element elementor-element-224b599 exad-sticky-section-no exad-glass-effect-no elementor-widget elementor-widget-heading\" data-id=\"224b599\" data-element_type=\"widget\" data-widget_type=\"heading.default\">\n\t\t\t\t<div class=\"elementor-widget-container\">\n\t\t\t<h2 class=\"elementor-heading-title elementor-size-default\">Lernen Sie Emmily kennen<\/h2>\t\t<\/div>\n\t\t\t\t<\/div>\n\t\t\t\t<div class=\"elementor-element elementor-element-51033df elementor-widget__width-inherit exad-sticky-section-no exad-glass-effect-no elementor-widget elementor-widget-text-editor\" data-id=\"51033df\" data-element_type=\"widget\" data-widget_type=\"text-editor.default\">\n\t\t\t\t<div class=\"elementor-widget-container\">\n\t\t\t<style>\/*! elementor - v3.12.1 - 02-04-2023 *\/\n.elementor-widget-text-editor.elementor-drop-cap-view-stacked .elementor-drop-cap{background-color:#69727d;color:#fff}.elementor-widget-text-editor.elementor-drop-cap-view-framed .elementor-drop-cap{color:#69727d;border:3px solid;background-color:transparent}.elementor-widget-text-editor:not(.elementor-drop-cap-view-default) .elementor-drop-cap{margin-top:8px}.elementor-widget-text-editor:not(.elementor-drop-cap-view-default) .elementor-drop-cap-letter{width:1em;height:1em}.elementor-widget-text-editor .elementor-drop-cap{float:left;text-align:center;line-height:1;font-size:50px}.elementor-widget-text-editor .elementor-drop-cap-letter{display:inline-block}<\/style>\t\t\t\t<p>Emmily, die Russisch Blau Katze, ist eine wahre Sch\u00f6nheit. Mit ihrem eleganten, silberblauen Fell, das im Licht schimmert, und ihren atemberaubenden gr\u00fcnen Augen strahlt Emmily Anmut und Eleganz aus. Ihre k\u00f6rperlichen Merkmale sind nur der Anfang dessen, was sie zu einer gro\u00dfartigen potenziellen Mutter f\u00fcr zuk\u00fcnftige K\u00e4tzchen macht.<\/p><p><br \/>Emmily hat eine charmante Pers\u00f6nlichkeit, die ebenso anmutig ist wie ihr \u00e4u\u00dferes Erscheinungsbild. Sie ist eine ruhige und gelassene Katze, die immer alles im Griff zu haben scheint. Ihr Temperament ist mild und entspannt, was sie zu einer angenehmen Begleiterin macht. Emmily ist eine Katze, die es liebt, verw\u00f6hnt und geliebt zu werden. Sie ist auch f\u00fcr ihre Loyalit\u00e4t und Zuneigung gegen\u00fcber ihrer menschlichen Familie bekannt.<\/p><p><br \/>Trotz ihres eleganten Auftretens ist Emmily eine verspielte und neugierige Katze, die es liebt, ihre Umgebung zu erkunden. Sie ist immer f\u00fcr ein gutes Fangspiel oder ein Herumtollen im Haus zu haben und somit eine ausgezeichnete Spielgef\u00e4hrtin f\u00fcr sowohl menschliche als auch feline Begleiter. Emmily ist auch f\u00fcr ihre Intelligenz und Schlagfertigkeit bekannt, was ihr erm\u00f6glicht, R\u00e4tsel und Spiele m\u00fchelos zu l\u00f6sen.<\/p><p><br \/>Als potenzielle Mutter f\u00fcr zuk\u00fcnftige K\u00e4tzchen ist Emmily eine hervorragende Wahl. Ihre K\u00e4tzchen werden ihre Anmut, Eleganz und ihr ruhiges Wesen sowie ihre Spielfreude und Entdeckergeist erben. Wenn Sie eine zuk\u00fcnftige Mutter f\u00fcr Ihre K\u00e4tzchen suchen, die Sch\u00f6nheit, Intelligenz und Loyalit\u00e4t in ihre Linie einbringt, ist Emmily eine ausgezeichnete Wahl.<\/p>\t\t\t\t\t\t<\/div>\n\t\t\t\t<\/div>\n\t\t\t\t<div class=\"elementor-element elementor-element-ce6271e exad-sticky-section-no exad-glass-effect-no elementor-widget elementor-widget-heading\" data-id=\"ce6271e\" data-element_type=\"widget\" data-widget_type=\"heading.default\">\n\t\t\t\t<div class=\"elementor-widget-container\">\n\t\t\t<h2 class=\"elementor-heading-title elementor-size-default\">M\u00f6chten Sie ein K\u00e4tzchen von dieser Katze?<\/h2>\t\t<\/div>\n\t\t\t\t<\/div>\n\t\t\t\t<div class=\"elementor-element elementor-element-d9ad222 elementor-align-center exad-sticky-section-no exad-glass-effect-no elementor-widget elementor-widget-button\" data-id=\"d9ad222\" data-element_type=\"widget\" data-widget_type=\"button.default\">\n\t\t\t\t<div class=\"elementor-widget-container\">\n\t\t\t\t\t<div class=\"elementor-button-wrapper\">\n\t\t\t<a href=\"#popup-book\" class=\"elementor-button-link elementor-button elementor-size-md elementor-animation-grow\" role=\"button\">\n\t\t\t\t\t\t<span class=\"elementor-button-content-wrapper\">\n\t\t\t\t\t\t\t<span class=\"elementor-button-icon elementor-align-icon-right\">\n\t\t\t\t\t\t\t<\/span>\n\t\t\t\t\t\t<span class=\"elementor-button-text\">Book Now<\/span>\n\t\t<\/span>\n\t\t\t\t\t<\/a>\n\t\t<\/div>\n\t\t\t\t<\/div>\n\t\t\t\t<\/div>\n\t\t\t\t\t<\/div>\n\t\t<\/div>\n\t\t\t\t\t\t\t<\/div>\n\t\t<\/section>\n\t\t\t\t\t\t\t<\/div>\n\t\t","protected":false},"excerpt":{"rendered":"<p>Russisch Blau Emmily Home Lernen Sie Emmily kennen Emmily, die Russisch Blau Katze, ist eine wahre Sch\u00f6nheit. Mit ihrem eleganten, silberblauen Fell, das im Licht schimmert, und ihren atemberaubenden gr\u00fcnen Augen strahlt Emmily Anmut und Eleganz aus. Ihre k\u00f6rperlichen Merkmale sind nur der Anfang dessen, was sie zu einer gro\u00dfartigen potenziellen Mutter f\u00fcr zuk\u00fcnftige K\u00e4tzchen [&hellip;]<\/p>\n","protected":false},"author":2,"featured_media":0,"parent":0,"menu_order":0,"comment_status":"closed","ping_status":"closed","template":"elementor_header_footer","meta":{"footnotes":""},"class_list":["post-9962","page","type-page","status-publish","hentry"],"yoast_head":"<!-- This site is optimized with the Yoast SEO plugin v26.1.1 - https:\/\/yoast.com\/wordpress\/plugins\/seo\/ -->\n<title>Russisch Blau Katze Emmily | Russian Blue Cattery | Via Emilia<\/title>\n<meta name=\"description\" content=\"Emmily, die Russian Blue Katze, ist eine wahre Sch\u00f6nheit. Mit ihrem gl\u00e4nzenden, silberblauen Fell, das im Licht schimmert, und ihren atemberaubenden gr\u00fcnen Augen strahlt Emmily Anmut und Eleganz aus.\" \/>\n<meta name=\"robots\" content=\"index, follow, max-snippet:-1, max-image-preview:large, max-video-preview:-1\" \/>\n<link rel=\"canonical\" href=\"https:\/\/russischeblauwe.com\/de\/erwachsene-russisch-blau-katze-emmily\/\" \/>\n<meta property=\"og:locale\" content=\"de_DE\" \/>\n<meta property=\"og:type\" content=\"article\" \/>\n<meta property=\"og:title\" content=\"Russisch Blau Katze Emmily | Russian Blue Cattery | Via Emilia\" \/>\n<meta property=\"og:description\" content=\"Emmily, die Russian Blue Katze, ist eine wahre Sch\u00f6nheit. Mit ihrem gl\u00e4nzenden, silberblauen Fell, das im Licht schimmert, und ihren atemberaubenden gr\u00fcnen Augen strahlt Emmily Anmut und Eleganz aus.\" \/>\n<meta property=\"og:url\" content=\"https:\/\/russischeblauwe.com\/de\/erwachsene-russisch-blau-katze-emmily\/\" \/>\n<meta property=\"og:site_name\" content=\"Russian Blue Kittens | Via Emilia | Netherlands\" \/>\n<meta property=\"article:modified_time\" content=\"2024-06-12T07:48:28+00:00\" \/>\n<meta name=\"twitter:card\" content=\"summary_large_image\" \/>\n<meta name=\"twitter:label1\" content=\"Gesch\u00e4tzte Lesezeit\" \/>\n\t<meta name=\"twitter:data1\" content=\"2\u00a0Minuten\" \/>\n<script type=\"application\/ld+json\" class=\"yoast-schema-graph\">{\"@context\":\"https:\/\/schema.org\",\"@graph\":[{\"@type\":\"WebPage\",\"@id\":\"https:\/\/russischeblauwe.com\/de\/erwachsene-russisch-blau-katze-emmily\/\",\"url\":\"https:\/\/russischeblauwe.com\/de\/erwachsene-russisch-blau-katze-emmily\/\",\"name\":\"Russisch Blau Katze Emmily | Russian Blue Cattery | Via Emilia\",\"isPartOf\":{\"@id\":\"https:\/\/russischeblauwe.com\/#website\"},\"datePublished\":\"2023-02-24T19:23:14+00:00\",\"dateModified\":\"2024-06-12T07:48:28+00:00\",\"description\":\"Emmily, die Russian Blue Katze, ist eine wahre Sch\u00f6nheit. Mit ihrem gl\u00e4nzenden, silberblauen Fell, das im Licht schimmert, und ihren atemberaubenden gr\u00fcnen Augen strahlt Emmily Anmut und Eleganz aus.\",\"breadcrumb\":{\"@id\":\"https:\/\/russischeblauwe.com\/de\/erwachsene-russisch-blau-katze-emmily\/#breadcrumb\"},\"inLanguage\":\"de\",\"potentialAction\":[{\"@type\":\"ReadAction\",\"target\":[\"https:\/\/russischeblauwe.com\/de\/erwachsene-russisch-blau-katze-emmily\/\"]}]},{\"@type\":\"BreadcrumbList\",\"@id\":\"https:\/\/russischeblauwe.com\/de\/erwachsene-russisch-blau-katze-emmily\/#breadcrumb\",\"itemListElement\":[{\"@type\":\"ListItem\",\"position\":1,\"name\":\"Home\",\"item\":\"https:\/\/russischeblauwe.com\/\"},{\"@type\":\"ListItem\",\"position\":2,\"name\":\"Russisch Blau Katze Emmily\"}]},{\"@type\":\"WebSite\",\"@id\":\"https:\/\/russischeblauwe.com\/#website\",\"url\":\"https:\/\/russischeblauwe.com\/\",\"name\":\"Russian Blue Kittens | Via Emilia | Netherlands\",\"description\":\"Russian Blue Kittens available for sale\",\"publisher\":{\"@id\":\"https:\/\/russischeblauwe.com\/#\/schema\/person\/d77b59da95222bc54ce8a2af5bb5fa5f\"},\"potentialAction\":[{\"@type\":\"SearchAction\",\"target\":{\"@type\":\"EntryPoint\",\"urlTemplate\":\"https:\/\/russischeblauwe.com\/?s={search_term_string}\"},\"query-input\":{\"@type\":\"PropertyValueSpecification\",\"valueRequired\":true,\"valueName\":\"search_term_string\"}}],\"inLanguage\":\"de\"},{\"@type\":[\"Person\",\"Organization\"],\"@id\":\"https:\/\/russischeblauwe.com\/#\/schema\/person\/d77b59da95222bc54ce8a2af5bb5fa5f\",\"name\":\"\u0440\u0443\u0431-\u0430\u0434\u043c\u0438\u043d\",\"image\":{\"@type\":\"ImageObject\",\"inLanguage\":\"de\",\"@id\":\"https:\/\/russischeblauwe.com\/#\/schema\/person\/image\/\",\"url\":\"https:\/\/russischeblauwe.com\/wp-content\/uploads\/2023\/03\/logo-rb.webp\",\"contentUrl\":\"https:\/\/russischeblauwe.com\/wp-content\/uploads\/2023\/03\/logo-rb.webp\",\"width\":334,\"height\":84,\"caption\":\"\u0440\u0443\u0431-\u0430\u0434\u043c\u0438\u043d\"},\"logo\":{\"@id\":\"https:\/\/russischeblauwe.com\/#\/schema\/person\/image\/\"},\"sameAs\":[\"https:\/\/russischeblauwe.com\"]}]}<\/script>\n<!-- \/ Yoast SEO plugin. -->","yoast_head_json":{"title":"Russisch Blau Katze Emmily | Russian Blue Cattery | Via Emilia","description":"Emmily, die Russian Blue Katze, ist eine wahre Sch\u00f6nheit. Mit ihrem gl\u00e4nzenden, silberblauen Fell, das im Licht schimmert, und ihren atemberaubenden gr\u00fcnen Augen strahlt Emmily Anmut und Eleganz aus.","robots":{"index":"index","follow":"follow","max-snippet":"max-snippet:-1","max-image-preview":"max-image-preview:large","max-video-preview":"max-video-preview:-1"},"canonical":"https:\/\/russischeblauwe.com\/de\/erwachsene-russisch-blau-katze-emmily\/","og_locale":"de_DE","og_type":"article","og_title":"Russisch Blau Katze Emmily | Russian Blue Cattery | Via Emilia","og_description":"Emmily, die Russian Blue Katze, ist eine wahre Sch\u00f6nheit. Mit ihrem gl\u00e4nzenden, silberblauen Fell, das im Licht schimmert, und ihren atemberaubenden gr\u00fcnen Augen strahlt Emmily Anmut und Eleganz aus.","og_url":"https:\/\/russischeblauwe.com\/de\/erwachsene-russisch-blau-katze-emmily\/","og_site_name":"Russian Blue Kittens | Via Emilia | Netherlands","article_modified_time":"2024-06-12T07:48:28+00:00","twitter_card":"summary_large_image","twitter_misc":{"Gesch\u00e4tzte Lesezeit":"2\u00a0Minuten"},"schema":{"@context":"https:\/\/schema.org","@graph":[{"@type":"WebPage","@id":"https:\/\/russischeblauwe.com\/de\/erwachsene-russisch-blau-katze-emmily\/","url":"https:\/\/russischeblauwe.com\/de\/erwachsene-russisch-blau-katze-emmily\/","name":"Russisch Blau Katze Emmily | Russian Blue Cattery | Via Emilia","isPartOf":{"@id":"https:\/\/russischeblauwe.com\/#website"},"datePublished":"2023-02-24T19:23:14+00:00","dateModified":"2024-06-12T07:48:28+00:00","description":"Emmily, die Russian Blue Katze, ist eine wahre Sch\u00f6nheit. Mit ihrem gl\u00e4nzenden, silberblauen Fell, das im Licht schimmert, und ihren atemberaubenden gr\u00fcnen Augen strahlt Emmily Anmut und Eleganz aus.","breadcrumb":{"@id":"https:\/\/russischeblauwe.com\/de\/erwachsene-russisch-blau-katze-emmily\/#breadcrumb"},"inLanguage":"de","potentialAction":[{"@type":"ReadAction","target":["https:\/\/russischeblauwe.com\/de\/erwachsene-russisch-blau-katze-emmily\/"]}]},{"@type":"BreadcrumbList","@id":"https:\/\/russischeblauwe.com\/de\/erwachsene-russisch-blau-katze-emmily\/#breadcrumb","itemListElement":[{"@type":"ListItem","position":1,"name":"Home","item":"https:\/\/russischeblauwe.com\/"},{"@type":"ListItem","position":2,"name":"Russisch Blau Katze Emmily"}]},{"@type":"WebSite","@id":"https:\/\/russischeblauwe.com\/#website","url":"https:\/\/russischeblauwe.com\/","name":"Russian Blue Kittens | Via Emilia | Netherlands","description":"Russian Blue Kittens available for sale","publisher":{"@id":"https:\/\/russischeblauwe.com\/#\/schema\/person\/d77b59da95222bc54ce8a2af5bb5fa5f"},"potentialAction":[{"@type":"SearchAction","target":{"@type":"EntryPoint","urlTemplate":"https:\/\/russischeblauwe.com\/?s={search_term_string}"},"query-input":{"@type":"PropertyValueSpecification","valueRequired":true,"valueName":"search_term_string"}}],"inLanguage":"de"},{"@type":["Person","Organization"],"@id":"https:\/\/russischeblauwe.com\/#\/schema\/person\/d77b59da95222bc54ce8a2af5bb5fa5f","name":"\u0440\u0443\u0431-\u0430\u0434\u043c\u0438\u043d","image":{"@type":"ImageObject","inLanguage":"de","@id":"https:\/\/russischeblauwe.com\/#\/schema\/person\/image\/","url":"https:\/\/russischeblauwe.com\/wp-content\/uploads\/2023\/03\/logo-rb.webp","contentUrl":"https:\/\/russischeblauwe.com\/wp-content\/uploads\/2023\/03\/logo-rb.webp","width":334,"height":84,"caption":"\u0440\u0443\u0431-\u0430\u0434\u043c\u0438\u043d"},"logo":{"@id":"https:\/\/russischeblauwe.com\/#\/schema\/person\/image\/"},"sameAs":["https:\/\/russischeblauwe.com"]}]}},"_links":{"self":[{"href":"https:\/\/russischeblauwe.com\/de\/wp-json\/wp\/v2\/pages\/9962","targetHints":{"allow":["GET"]}}],"collection":[{"href":"https:\/\/russischeblauwe.com\/de\/wp-json\/wp\/v2\/pages"}],"about":[{"href":"https:\/\/russischeblauwe.com\/de\/wp-json\/wp\/v2\/types\/page"}],"author":[{"embeddable":true,"href":"https:\/\/russischeblauwe.com\/de\/wp-json\/wp\/v2\/users\/2"}],"replies":[{"embeddable":true,"href":"https:\/\/russischeblauwe.com\/de\/wp-json\/wp\/v2\/comments?post=9962"}],"version-history":[{"count":9,"href":"https:\/\/russischeblauwe.com\/de\/wp-json\/wp\/v2\/pages\/9962\/revisions"}],"predecessor-version":[{"id":10715,"href":"https:\/\/russischeblauwe.com\/de\/wp-json\/wp\/v2\/pages\/9962\/revisions\/10715"}],"wp:attachment":[{"href":"https:\/\/russischeblauwe.com\/de\/wp-json\/wp\/v2\/media?parent=9962"}],"curies":[{"name":"wp","href":"https:\/\/api.w.org\/{rel}","templated":true}]}}