{"id":9958,"date":"2023-02-19T17:47:07","date_gmt":"2023-02-19T14:47:07","guid":{"rendered":"https:\/\/russischeblauwe.com\/?page_id=9958"},"modified":"2024-06-12T15:11:04","modified_gmt":"2024-06-12T12:11:04","slug":"kaetzchenreservierung","status":"publish","type":"page","link":"https:\/\/russischeblauwe.com\/de\/kaetzchenreservierung\/","title":{"rendered":"K\u00e4tzchenreservierung"},"content":{"rendered":"\t\t<div data-elementor-type=\"wp-page\" data-elementor-id=\"9958\" class=\"elementor elementor-9958\">\n\t\t\t\t\t\t\t\t\t<section data-exad-particle-enable=\"false\" class=\"elementor-section elementor-top-section elementor-element elementor-element-82ae577 elementor-section-height-min-height elementor-section-content-middle elementor-section-boxed elementor-section-height-default elementor-section-items-middle exad-parallax-effect-no exad-background-color-change-no exad-glass-effect-no exad-sticky-section-no\" data-id=\"82ae577\" data-element_type=\"section\" data-settings=\"{&quot;background_background&quot;:&quot;classic&quot;,&quot;jet_parallax_layout_list&quot;:[]}\" data-e-bg-lazyload=\"\">\n\t\t\t\t\t\t\t<div class=\"elementor-background-overlay\"><\/div>\n\t\t\t\t\t\t\t<div class=\"elementor-container elementor-column-gap-no\">\n\t\t\t\t\t<div class=\"elementor-column elementor-col-100 elementor-top-column elementor-element elementor-element-cade0a5 exad-glass-effect-no exad-sticky-section-no\" data-id=\"cade0a5\" data-element_type=\"column\">\n\t\t\t<div class=\"elementor-widget-wrap elementor-element-populated\">\n\t\t\t\t\t\t\t\t<div class=\"elementor-element elementor-element-382d3ae exad-sticky-section-no exad-glass-effect-no elementor-widget elementor-widget-heading\" data-id=\"382d3ae\" data-element_type=\"widget\" data-widget_type=\"heading.default\">\n\t\t\t\t<div class=\"elementor-widget-container\">\n\t\t\t<style>\/*! elementor - v3.12.1 - 02-04-2023 *\/\n.elementor-heading-title{padding:0;margin:0;line-height:1}.elementor-widget-heading .elementor-heading-title[class*=elementor-size-]>a{color:inherit;font-size:inherit;line-height:inherit}.elementor-widget-heading .elementor-heading-title.elementor-size-small{font-size:15px}.elementor-widget-heading .elementor-heading-title.elementor-size-medium{font-size:19px}.elementor-widget-heading .elementor-heading-title.elementor-size-large{font-size:29px}.elementor-widget-heading .elementor-heading-title.elementor-size-xl{font-size:39px}.elementor-widget-heading .elementor-heading-title.elementor-size-xxl{font-size:59px}<\/style><h1 class=\"elementor-heading-title elementor-size-default\">Russisch Blau K\u00e4tzchen Reservierung<\/h1>\t\t<\/div>\n\t\t\t\t<\/div>\n\t\t\t\t<div class=\"elementor-element elementor-element-4befc74 exad-sticky-section-no exad-glass-effect-no elementor-widget elementor-widget-exad-breadcrumbs\" data-id=\"4befc74\" data-element_type=\"widget\" data-widget_type=\"exad-breadcrumbs.default\">\n\t\t\t\t<div class=\"elementor-widget-container\">\n\t\t\t\t\t  \n\t\t\t<div class=\"exad-breadcrumb-wrapper\">\n\t\t\t\t<ul class=\"exad-breadcrumb-items\">\n\t\t\t\t\t\t\t\t\t<li class=\"exad-breadcrumb-item first-item\">\n\t\t\t\t\t\t<a href=\"https:\/\/russischeblauwe.com\/de\/\">\n\t\t\t\t\t\tHome\t\n\t\t\t\t\t\t<\/a>\n\t\t\t\t\t\t<i class=\"exad-arrow fas fa-angle-right\"><\/i>\t\t\t\t\t<\/li>\n\n\t\t\t\t\t\t\t\t\t<\/ul>\n\t\t\t<\/div>\n\t\t\t\t<\/div>\n\t\t\t\t<\/div>\n\t\t\t\t\t<\/div>\n\t\t<\/div>\n\t\t\t\t\t\t\t<\/div>\n\t\t<\/section>\n\t\t\t\t<section data-exad-particle-enable=\"false\" class=\"elementor-section elementor-top-section elementor-element elementor-element-71c8168 elementor-section-boxed elementor-section-height-default elementor-section-height-default exad-parallax-effect-no exad-background-color-change-no exad-glass-effect-no exad-sticky-section-no\" data-id=\"71c8168\" data-element_type=\"section\" data-settings=\"{&quot;jet_parallax_layout_list&quot;:[]}\">\n\t\t\t\t\t\t<div class=\"elementor-container elementor-column-gap-default\">\n\t\t\t\t\t<div class=\"elementor-column elementor-col-100 elementor-top-column elementor-element elementor-element-65d8abd exad-glass-effect-no exad-sticky-section-no\" data-id=\"65d8abd\" data-element_type=\"column\">\n\t\t\t<div class=\"elementor-widget-wrap elementor-element-populated\">\n\t\t\t\t\t\t\t\t<div class=\"elementor-element elementor-element-ea21190 exad-sticky-section-no exad-glass-effect-no elementor-widget elementor-widget-image\" data-id=\"ea21190\" data-element_type=\"widget\" data-widget_type=\"image.default\">\n\t\t\t\t<div class=\"elementor-widget-container\">\n\t\t\t<style>\/*! elementor - v3.12.1 - 02-04-2023 *\/\n.elementor-widget-image{text-align:center}.elementor-widget-image a{display:inline-block}.elementor-widget-image a img[src$=\".svg\"]{width:48px}.elementor-widget-image img{vertical-align:middle;display:inline-block}<\/style>\t\t\t\t\t\t\t\t\t\t\t\t<img loading=\"lazy\" decoding=\"async\" width=\"1500\" height=\"965\" src=\"https:\/\/russischeblauwe.com\/wp-content\/uploads\/2023\/03\/kittens-reservation.jpg\" class=\"attachment-full size-full wp-image-4053\" alt=\"Russian Blue kittens reservation\" srcset=\"https:\/\/russischeblauwe.com\/wp-content\/uploads\/2023\/03\/kittens-reservation.jpg 1500w, https:\/\/russischeblauwe.com\/wp-content\/uploads\/2023\/03\/kittens-reservation-300x193.jpg 300w, https:\/\/russischeblauwe.com\/wp-content\/uploads\/2023\/03\/kittens-reservation-1024x659.jpg 1024w, https:\/\/russischeblauwe.com\/wp-content\/uploads\/2023\/03\/kittens-reservation-768x494.jpg 768w\" sizes=\"auto, (max-width: 1500px) 100vw, 1500px\" \/>\t\t\t\t\t\t\t\t\t\t\t\t\t\t\t<\/div>\n\t\t\t\t<\/div>\n\t\t\t\t<div class=\"elementor-element elementor-element-e1251c5 exad-sticky-section-no exad-glass-effect-no elementor-widget elementor-widget-heading\" data-id=\"e1251c5\" data-element_type=\"widget\" data-widget_type=\"heading.default\">\n\t\t\t\t<div class=\"elementor-widget-container\">\n\t\t\t<h2 class=\"elementor-heading-title elementor-size-default\">K\u00e4tzchenreservierung<\/h2>\t\t<\/div>\n\t\t\t\t<\/div>\n\t\t\t\t<div class=\"elementor-element elementor-element-51033df elementor-widget__width-inherit exad-sticky-section-no exad-glass-effect-no elementor-widget elementor-widget-text-editor\" data-id=\"51033df\" data-element_type=\"widget\" data-widget_type=\"text-editor.default\">\n\t\t\t\t<div class=\"elementor-widget-container\">\n\t\t\t<style>\/*! elementor - v3.12.1 - 02-04-2023 *\/\n.elementor-widget-text-editor.elementor-drop-cap-view-stacked .elementor-drop-cap{background-color:#69727d;color:#fff}.elementor-widget-text-editor.elementor-drop-cap-view-framed .elementor-drop-cap{color:#69727d;border:3px solid;background-color:transparent}.elementor-widget-text-editor:not(.elementor-drop-cap-view-default) .elementor-drop-cap{margin-top:8px}.elementor-widget-text-editor:not(.elementor-drop-cap-view-default) .elementor-drop-cap-letter{width:1em;height:1em}.elementor-widget-text-editor .elementor-drop-cap{float:left;text-align:center;line-height:1;font-size:50px}.elementor-widget-text-editor .elementor-drop-cap-letter{display:inline-block}<\/style>\t\t\t\t<p>Die Zuchtst\u00e4tte Via Emilia bietet einen Reservierungsservice f\u00fcr Russisch Blau K\u00e4tzchen in Amsterdam an. Sie k\u00f6nnen ein Haustier f\u00fcr Ausstellungen, Zuchtzwecke oder als Familienhaustier bei uns erwerben.<\/p><p><br \/>Sie k\u00f6nnen ein K\u00e4tzchen ausw\u00e4hlen, das Ihnen gef\u00e4llt, indem Sie Fotos auf unserer Website durchsehen oder unsere Zuchtst\u00e4tte besuchen, um die K\u00e4tzchen pers\u00f6nlich zu sehen, sich \u00fcber ihre Lebensbedingungen zu informieren und ihre Eltern kennenzulernen. Unser kompetentes Personal beantwortet gerne alle Ihre Fragen und stellt Ihnen alle Informationen zur Verf\u00fcgung, die Sie ben\u00f6tigen, um eine fundierte Entscheidung zu treffen.<\/p>\t\t\t\t\t\t<\/div>\n\t\t\t\t<\/div>\n\t\t\t\t<div class=\"elementor-element elementor-element-13f451b exad-sticky-section-no exad-glass-effect-no elementor-widget elementor-widget-heading\" data-id=\"13f451b\" data-element_type=\"widget\" data-widget_type=\"heading.default\">\n\t\t\t\t<div class=\"elementor-widget-container\">\n\t\t\t<h3 class=\"elementor-heading-title elementor-size-default\">Reservierungsbedingungen f\u00fcr K\u00e4tzchen\n<\/h3>\t\t<\/div>\n\t\t\t\t<\/div>\n\t\t\t\t<div class=\"elementor-element elementor-element-c285d37 elementor-widget__width-inherit exad-sticky-section-no exad-glass-effect-no elementor-widget elementor-widget-text-editor\" data-id=\"c285d37\" data-element_type=\"widget\" data-widget_type=\"text-editor.default\">\n\t\t\t\t<div class=\"elementor-widget-container\">\n\t\t\t\t\t\t\t<p><a href=\"https:\/\/russischeblauwe.com\/de\/\">Russisch Blau K\u00e4tzchen aus der Zuchtst\u00e4tte Via Emilia<\/a> sind fr\u00fchestens im Alter von 2 Monaten bereit, in ihr neues Zuhause zu ziehen, und zwar mit allen notwendigen Dokumenten, einschlie\u00dflich Tierarztpass, Stammbaum und Kaufvertrag. Vor diesem Alter werden die K\u00e4tzchen nicht an ihren zuk\u00fcnftigen Besitzer \u00fcbergeben. Unsere kleinen Fellnasen werden gestillt und haben st\u00e4ndigen Kontakt mit ihrer Mutter. Sie haben die M\u00f6glichkeit, ein Russisch Blau K\u00e4tzchen, Ihren perfekten Begleiter f\u00fcrs Leben, zu reservieren.<br \/><br \/><\/p><p>Die Reservierung von K\u00e4tzchen erfolgt unter folgenden Bedingungen:<br \/><br \/><\/p><ul><li>Auswahl und Anzahlung: Der K\u00e4ufer w\u00e4hlt ein Haustier aus und hinterl\u00e4sst eine Anzahlung von 300 Euro.<br \/><br \/><\/li><li>Reservierungsvertrag**: Der zuk\u00fcnftige Besitzer erh\u00e4lt einen K\u00e4tzchenreservierungsvertrag, der den Kaufpreis festlegt. Dieses Dokument sch\u00fctzt die Interessen des Verk\u00e4ufers und des K\u00e4ufers.<br \/><br \/><\/li><li>Reservierungszeitraum**: Der Reservierungszeitraum wird separat zwischen den Parteien besprochen und im Vertrag festgelegt. Ein l\u00e4ngerer Aufenthalt in der Zuchtst\u00e4tte als der festgelegte Zeitraum ist mit zus\u00e4tzlichen Kosten verbunden.<br \/><br \/><\/li><li>R\u00fccktrittsrecht und Abholfrist**: Falls der K\u00e4ufer das ausgew\u00e4hlte Tier ablehnt oder es nicht innerhalb des festgelegten Zeitraums abholt, wird das Tier wieder zum Verkauf angeboten. Die Anzahlung ist nicht erstattungsf\u00e4hig, da sie die Kosten f\u00fcr die Unterbringung der Katze in der Zuchtst\u00e4tte, die Pflege und die Entsch\u00e4digung f\u00fcr die verlorene Zeit abdeckt.<br \/><br \/><\/li><li>Verbindliche Reservierung: Das Tier gilt als reserviert, nachdem der K\u00e4ufer die Anzahlung geleistet und den Vertrag unterzeichnet hat. In allen anderen F\u00e4llen bleibt es zum Verkauf verf\u00fcgbar und sucht nach einem neuen Besitzer.<\/li><\/ul><p><br \/>Die Reservierung eines K\u00e4tzchens ist f\u00fcr einen Zeitraum von ein bis zwei Monaten m\u00f6glich. Bei l\u00e4ngerer Reservierung senden wir dem Besitzer Foto- und Videoberichte \u00fcber das Wachstum und die Entwicklung des Haustieres.<\/p>\t\t\t\t\t\t<\/div>\n\t\t\t\t<\/div>\n\t\t\t\t<div class=\"elementor-element elementor-element-ce6271e exad-sticky-section-no exad-glass-effect-no elementor-widget elementor-widget-heading\" data-id=\"ce6271e\" data-element_type=\"widget\" data-widget_type=\"heading.default\">\n\t\t\t\t<div class=\"elementor-widget-container\">\n\t\t\t<h4 class=\"elementor-heading-title elementor-size-default\">Katzenreservierung vornehmen<\/h4>\t\t<\/div>\n\t\t\t\t<\/div>\n\t\t\t\t<div class=\"elementor-element elementor-element-1694f81 elementor-align-center exad-sticky-section-no exad-glass-effect-no elementor-widget elementor-widget-button\" data-id=\"1694f81\" data-element_type=\"widget\" data-widget_type=\"button.default\">\n\t\t\t\t<div class=\"elementor-widget-container\">\n\t\t\t\t\t<div class=\"elementor-button-wrapper\">\n\t\t\t<a href=\"#popup-book\" class=\"elementor-button-link elementor-button elementor-size-md elementor-animation-grow\" role=\"button\">\n\t\t\t\t\t\t<span class=\"elementor-button-content-wrapper\">\n\t\t\t\t\t\t\t<span class=\"elementor-button-icon elementor-align-icon-right\">\n\t\t\t\t\t\t\t<\/span>\n\t\t\t\t\t\t<span class=\"elementor-button-text\">Book<\/span>\n\t\t<\/span>\n\t\t\t\t\t<\/a>\n\t\t<\/div>\n\t\t\t\t<\/div>\n\t\t\t\t<\/div>\n\t\t\t\t\t<\/div>\n\t\t<\/div>\n\t\t\t\t\t\t\t<\/div>\n\t\t<\/section>\n\t\t\t\t\t\t\t<\/div>\n\t\t","protected":false},"excerpt":{"rendered":"<p>Russisch Blau K\u00e4tzchen Reservierung Home K\u00e4tzchenreservierung Die Zuchtst\u00e4tte Via Emilia bietet einen Reservierungsservice f\u00fcr Russisch Blau K\u00e4tzchen in Amsterdam an. Sie k\u00f6nnen ein Haustier f\u00fcr Ausstellungen, Zuchtzwecke oder als Familienhaustier bei uns erwerben. Sie k\u00f6nnen ein K\u00e4tzchen ausw\u00e4hlen, das Ihnen gef\u00e4llt, indem Sie Fotos auf unserer Website durchsehen oder unsere Zuchtst\u00e4tte besuchen, um die K\u00e4tzchen [&hellip;]<\/p>\n","protected":false},"author":2,"featured_media":0,"parent":0,"menu_order":0,"comment_status":"closed","ping_status":"closed","template":"elementor_header_footer","meta":{"footnotes":""},"class_list":["post-9958","page","type-page","status-publish","hentry"],"yoast_head":"<!-- This site is optimized with the Yoast SEO plugin v26.1.1 - https:\/\/yoast.com\/wordpress\/plugins\/seo\/ -->\n<title>K\u00e4tzchenreservierung | Russian Blue Cattery | Via Emilia<\/title>\n<meta name=\"description\" content=\"Die Via Emilia Zucht bietet einen Reservierungsservice f\u00fcr Russian Blue K\u00e4tzchen in Amsterdam an. Sie k\u00f6nnen bei uns ein Haustier f\u00fcr Ausstellungen, Zuchtzwecke oder als Familienmitglied erwerben.\" \/>\n<meta name=\"robots\" content=\"index, follow, max-snippet:-1, max-image-preview:large, max-video-preview:-1\" \/>\n<link rel=\"canonical\" href=\"https:\/\/russischeblauwe.com\/de\/kaetzchenreservierung\/\" \/>\n<meta property=\"og:locale\" content=\"de_DE\" \/>\n<meta property=\"og:type\" content=\"article\" \/>\n<meta property=\"og:title\" content=\"K\u00e4tzchenreservierung | Russian Blue Cattery | Via Emilia\" \/>\n<meta property=\"og:description\" content=\"Die Via Emilia Zucht bietet einen Reservierungsservice f\u00fcr Russian Blue K\u00e4tzchen in Amsterdam an. Sie k\u00f6nnen bei uns ein Haustier f\u00fcr Ausstellungen, Zuchtzwecke oder als Familienmitglied erwerben.\" \/>\n<meta property=\"og:url\" content=\"https:\/\/russischeblauwe.com\/de\/kaetzchenreservierung\/\" \/>\n<meta property=\"og:site_name\" content=\"Russian Blue Kittens | Via Emilia | Netherlands\" \/>\n<meta property=\"article:modified_time\" content=\"2024-06-12T12:11:04+00:00\" \/>\n<meta property=\"og:image\" content=\"https:\/\/russischeblauwe.com\/wp-content\/uploads\/2023\/03\/kittens-reservation.jpg\" \/>\n<meta name=\"twitter:card\" content=\"summary_large_image\" \/>\n<meta name=\"twitter:label1\" content=\"Gesch\u00e4tzte Lesezeit\" \/>\n\t<meta name=\"twitter:data1\" content=\"2\u00a0Minuten\" \/>\n<script type=\"application\/ld+json\" class=\"yoast-schema-graph\">{\"@context\":\"https:\/\/schema.org\",\"@graph\":[{\"@type\":\"WebPage\",\"@id\":\"https:\/\/russischeblauwe.com\/de\/kaetzchenreservierung\/\",\"url\":\"https:\/\/russischeblauwe.com\/de\/kaetzchenreservierung\/\",\"name\":\"K\u00e4tzchenreservierung | Russian Blue Cattery | Via Emilia\",\"isPartOf\":{\"@id\":\"https:\/\/russischeblauwe.com\/#website\"},\"primaryImageOfPage\":{\"@id\":\"https:\/\/russischeblauwe.com\/de\/kaetzchenreservierung\/#primaryimage\"},\"image\":{\"@id\":\"https:\/\/russischeblauwe.com\/de\/kaetzchenreservierung\/#primaryimage\"},\"thumbnailUrl\":\"https:\/\/russischeblauwe.com\/wp-content\/uploads\/2023\/03\/kittens-reservation.jpg\",\"datePublished\":\"2023-02-19T14:47:07+00:00\",\"dateModified\":\"2024-06-12T12:11:04+00:00\",\"description\":\"Die Via Emilia Zucht bietet einen Reservierungsservice f\u00fcr Russian Blue K\u00e4tzchen in Amsterdam an. Sie k\u00f6nnen bei uns ein Haustier f\u00fcr Ausstellungen, Zuchtzwecke oder als Familienmitglied erwerben.\",\"breadcrumb\":{\"@id\":\"https:\/\/russischeblauwe.com\/de\/kaetzchenreservierung\/#breadcrumb\"},\"inLanguage\":\"de\",\"potentialAction\":[{\"@type\":\"ReadAction\",\"target\":[\"https:\/\/russischeblauwe.com\/de\/kaetzchenreservierung\/\"]}]},{\"@type\":\"ImageObject\",\"inLanguage\":\"de\",\"@id\":\"https:\/\/russischeblauwe.com\/de\/kaetzchenreservierung\/#primaryimage\",\"url\":\"https:\/\/russischeblauwe.com\/wp-content\/uploads\/2023\/03\/kittens-reservation.jpg\",\"contentUrl\":\"https:\/\/russischeblauwe.com\/wp-content\/uploads\/2023\/03\/kittens-reservation.jpg\"},{\"@type\":\"BreadcrumbList\",\"@id\":\"https:\/\/russischeblauwe.com\/de\/kaetzchenreservierung\/#breadcrumb\",\"itemListElement\":[{\"@type\":\"ListItem\",\"position\":1,\"name\":\"Home\",\"item\":\"https:\/\/russischeblauwe.com\/\"},{\"@type\":\"ListItem\",\"position\":2,\"name\":\"K\u00e4tzchenreservierung\"}]},{\"@type\":\"WebSite\",\"@id\":\"https:\/\/russischeblauwe.com\/#website\",\"url\":\"https:\/\/russischeblauwe.com\/\",\"name\":\"Russian Blue Kittens | Via Emilia | Netherlands\",\"description\":\"Russian Blue Kittens available for sale\",\"publisher\":{\"@id\":\"https:\/\/russischeblauwe.com\/#\/schema\/person\/d77b59da95222bc54ce8a2af5bb5fa5f\"},\"potentialAction\":[{\"@type\":\"SearchAction\",\"target\":{\"@type\":\"EntryPoint\",\"urlTemplate\":\"https:\/\/russischeblauwe.com\/?s={search_term_string}\"},\"query-input\":{\"@type\":\"PropertyValueSpecification\",\"valueRequired\":true,\"valueName\":\"search_term_string\"}}],\"inLanguage\":\"de\"},{\"@type\":[\"Person\",\"Organization\"],\"@id\":\"https:\/\/russischeblauwe.com\/#\/schema\/person\/d77b59da95222bc54ce8a2af5bb5fa5f\",\"name\":\"\u0440\u0443\u0431-\u0430\u0434\u043c\u0438\u043d\",\"image\":{\"@type\":\"ImageObject\",\"inLanguage\":\"de\",\"@id\":\"https:\/\/russischeblauwe.com\/#\/schema\/person\/image\/\",\"url\":\"https:\/\/russischeblauwe.com\/wp-content\/uploads\/2023\/03\/logo-rb.webp\",\"contentUrl\":\"https:\/\/russischeblauwe.com\/wp-content\/uploads\/2023\/03\/logo-rb.webp\",\"width\":334,\"height\":84,\"caption\":\"\u0440\u0443\u0431-\u0430\u0434\u043c\u0438\u043d\"},\"logo\":{\"@id\":\"https:\/\/russischeblauwe.com\/#\/schema\/person\/image\/\"},\"sameAs\":[\"https:\/\/russischeblauwe.com\"]}]}<\/script>\n<!-- \/ Yoast SEO plugin. -->","yoast_head_json":{"title":"K\u00e4tzchenreservierung | Russian Blue Cattery | Via Emilia","description":"Die Via Emilia Zucht bietet einen Reservierungsservice f\u00fcr Russian Blue K\u00e4tzchen in Amsterdam an. Sie k\u00f6nnen bei uns ein Haustier f\u00fcr Ausstellungen, Zuchtzwecke oder als Familienmitglied erwerben.","robots":{"index":"index","follow":"follow","max-snippet":"max-snippet:-1","max-image-preview":"max-image-preview:large","max-video-preview":"max-video-preview:-1"},"canonical":"https:\/\/russischeblauwe.com\/de\/kaetzchenreservierung\/","og_locale":"de_DE","og_type":"article","og_title":"K\u00e4tzchenreservierung | Russian Blue Cattery | Via Emilia","og_description":"Die Via Emilia Zucht bietet einen Reservierungsservice f\u00fcr Russian Blue K\u00e4tzchen in Amsterdam an. Sie k\u00f6nnen bei uns ein Haustier f\u00fcr Ausstellungen, Zuchtzwecke oder als Familienmitglied erwerben.","og_url":"https:\/\/russischeblauwe.com\/de\/kaetzchenreservierung\/","og_site_name":"Russian Blue Kittens | Via Emilia | Netherlands","article_modified_time":"2024-06-12T12:11:04+00:00","og_image":[{"url":"https:\/\/russischeblauwe.com\/wp-content\/uploads\/2023\/03\/kittens-reservation.jpg","type":"","width":"","height":""}],"twitter_card":"summary_large_image","twitter_misc":{"Gesch\u00e4tzte Lesezeit":"2\u00a0Minuten"},"schema":{"@context":"https:\/\/schema.org","@graph":[{"@type":"WebPage","@id":"https:\/\/russischeblauwe.com\/de\/kaetzchenreservierung\/","url":"https:\/\/russischeblauwe.com\/de\/kaetzchenreservierung\/","name":"K\u00e4tzchenreservierung | Russian Blue Cattery | Via Emilia","isPartOf":{"@id":"https:\/\/russischeblauwe.com\/#website"},"primaryImageOfPage":{"@id":"https:\/\/russischeblauwe.com\/de\/kaetzchenreservierung\/#primaryimage"},"image":{"@id":"https:\/\/russischeblauwe.com\/de\/kaetzchenreservierung\/#primaryimage"},"thumbnailUrl":"https:\/\/russischeblauwe.com\/wp-content\/uploads\/2023\/03\/kittens-reservation.jpg","datePublished":"2023-02-19T14:47:07+00:00","dateModified":"2024-06-12T12:11:04+00:00","description":"Die Via Emilia Zucht bietet einen Reservierungsservice f\u00fcr Russian Blue K\u00e4tzchen in Amsterdam an. Sie k\u00f6nnen bei uns ein Haustier f\u00fcr Ausstellungen, Zuchtzwecke oder als Familienmitglied erwerben.","breadcrumb":{"@id":"https:\/\/russischeblauwe.com\/de\/kaetzchenreservierung\/#breadcrumb"},"inLanguage":"de","potentialAction":[{"@type":"ReadAction","target":["https:\/\/russischeblauwe.com\/de\/kaetzchenreservierung\/"]}]},{"@type":"ImageObject","inLanguage":"de","@id":"https:\/\/russischeblauwe.com\/de\/kaetzchenreservierung\/#primaryimage","url":"https:\/\/russischeblauwe.com\/wp-content\/uploads\/2023\/03\/kittens-reservation.jpg","contentUrl":"https:\/\/russischeblauwe.com\/wp-content\/uploads\/2023\/03\/kittens-reservation.jpg"},{"@type":"BreadcrumbList","@id":"https:\/\/russischeblauwe.com\/de\/kaetzchenreservierung\/#breadcrumb","itemListElement":[{"@type":"ListItem","position":1,"name":"Home","item":"https:\/\/russischeblauwe.com\/"},{"@type":"ListItem","position":2,"name":"K\u00e4tzchenreservierung"}]},{"@type":"WebSite","@id":"https:\/\/russischeblauwe.com\/#website","url":"https:\/\/russischeblauwe.com\/","name":"Russian Blue Kittens | Via Emilia | Netherlands","description":"Russian Blue Kittens available for sale","publisher":{"@id":"https:\/\/russischeblauwe.com\/#\/schema\/person\/d77b59da95222bc54ce8a2af5bb5fa5f"},"potentialAction":[{"@type":"SearchAction","target":{"@type":"EntryPoint","urlTemplate":"https:\/\/russischeblauwe.com\/?s={search_term_string}"},"query-input":{"@type":"PropertyValueSpecification","valueRequired":true,"valueName":"search_term_string"}}],"inLanguage":"de"},{"@type":["Person","Organization"],"@id":"https:\/\/russischeblauwe.com\/#\/schema\/person\/d77b59da95222bc54ce8a2af5bb5fa5f","name":"\u0440\u0443\u0431-\u0430\u0434\u043c\u0438\u043d","image":{"@type":"ImageObject","inLanguage":"de","@id":"https:\/\/russischeblauwe.com\/#\/schema\/person\/image\/","url":"https:\/\/russischeblauwe.com\/wp-content\/uploads\/2023\/03\/logo-rb.webp","contentUrl":"https:\/\/russischeblauwe.com\/wp-content\/uploads\/2023\/03\/logo-rb.webp","width":334,"height":84,"caption":"\u0440\u0443\u0431-\u0430\u0434\u043c\u0438\u043d"},"logo":{"@id":"https:\/\/russischeblauwe.com\/#\/schema\/person\/image\/"},"sameAs":["https:\/\/russischeblauwe.com"]}]}},"_links":{"self":[{"href":"https:\/\/russischeblauwe.com\/de\/wp-json\/wp\/v2\/pages\/9958","targetHints":{"allow":["GET"]}}],"collection":[{"href":"https:\/\/russischeblauwe.com\/de\/wp-json\/wp\/v2\/pages"}],"about":[{"href":"https:\/\/russischeblauwe.com\/de\/wp-json\/wp\/v2\/types\/page"}],"author":[{"embeddable":true,"href":"https:\/\/russischeblauwe.com\/de\/wp-json\/wp\/v2\/users\/2"}],"replies":[{"embeddable":true,"href":"https:\/\/russischeblauwe.com\/de\/wp-json\/wp\/v2\/comments?post=9958"}],"version-history":[{"count":15,"href":"https:\/\/russischeblauwe.com\/de\/wp-json\/wp\/v2\/pages\/9958\/revisions"}],"predecessor-version":[{"id":10768,"href":"https:\/\/russischeblauwe.com\/de\/wp-json\/wp\/v2\/pages\/9958\/revisions\/10768"}],"wp:attachment":[{"href":"https:\/\/russischeblauwe.com\/de\/wp-json\/wp\/v2\/media?parent=9958"}],"curies":[{"name":"wp","href":"https:\/\/api.w.org\/{rel}","templated":true}]}}