{"id":9950,"date":"2023-02-19T16:40:19","date_gmt":"2023-02-19T13:40:19","guid":{"rendered":"https:\/\/russischeblauwe.com\/?page_id=9950"},"modified":"2024-09-07T16:27:27","modified_gmt":"2024-09-07T13:27:27","slug":"ueber-uns","status":"publish","type":"page","link":"https:\/\/russischeblauwe.com\/de\/ueber-uns\/","title":{"rendered":"\u00dcber uns"},"content":{"rendered":"\t\t<div data-elementor-type=\"wp-page\" data-elementor-id=\"9950\" class=\"elementor elementor-9950\">\n\t\t\t\t\t\t\t\t\t<section data-exad-particle-enable=\"false\" class=\"elementor-section elementor-top-section elementor-element elementor-element-82ae577 elementor-section-height-min-height elementor-section-content-middle elementor-section-boxed elementor-section-height-default elementor-section-items-middle exad-parallax-effect-no exad-background-color-change-no exad-glass-effect-no exad-sticky-section-no\" data-id=\"82ae577\" data-element_type=\"section\" data-settings=\"{&quot;background_background&quot;:&quot;classic&quot;,&quot;jet_parallax_layout_list&quot;:[]}\" data-e-bg-lazyload=\"\">\n\t\t\t\t\t\t\t<div class=\"elementor-background-overlay\"><\/div>\n\t\t\t\t\t\t\t<div class=\"elementor-container elementor-column-gap-no\">\n\t\t\t\t\t<div class=\"elementor-column elementor-col-100 elementor-top-column elementor-element elementor-element-cade0a5 exad-glass-effect-no exad-sticky-section-no\" data-id=\"cade0a5\" data-element_type=\"column\">\n\t\t\t<div class=\"elementor-widget-wrap elementor-element-populated\">\n\t\t\t\t\t\t\t\t<div class=\"elementor-element elementor-element-382d3ae exad-sticky-section-no exad-glass-effect-no elementor-widget elementor-widget-heading\" data-id=\"382d3ae\" data-element_type=\"widget\" data-widget_type=\"heading.default\">\n\t\t\t\t<div class=\"elementor-widget-container\">\n\t\t\t<style>\/*! elementor - v3.12.1 - 02-04-2023 *\/\n.elementor-heading-title{padding:0;margin:0;line-height:1}.elementor-widget-heading .elementor-heading-title[class*=elementor-size-]>a{color:inherit;font-size:inherit;line-height:inherit}.elementor-widget-heading .elementor-heading-title.elementor-size-small{font-size:15px}.elementor-widget-heading .elementor-heading-title.elementor-size-medium{font-size:19px}.elementor-widget-heading .elementor-heading-title.elementor-size-large{font-size:29px}.elementor-widget-heading .elementor-heading-title.elementor-size-xl{font-size:39px}.elementor-widget-heading .elementor-heading-title.elementor-size-xxl{font-size:59px}<\/style><h1 class=\"elementor-heading-title elementor-size-default\">\u00dcber uns<\/h1>\t\t<\/div>\n\t\t\t\t<\/div>\n\t\t\t\t<div class=\"elementor-element elementor-element-084a5b6 exad-sticky-section-no exad-glass-effect-no elementor-widget elementor-widget-exad-breadcrumbs\" data-id=\"084a5b6\" data-element_type=\"widget\" data-widget_type=\"exad-breadcrumbs.default\">\n\t\t\t\t<div class=\"elementor-widget-container\">\n\t\t\t\t\t  \n\t\t\t<div class=\"exad-breadcrumb-wrapper\">\n\t\t\t\t<ul class=\"exad-breadcrumb-items\">\n\t\t\t\t\t\t\t\t\t<li class=\"exad-breadcrumb-item first-item\">\n\t\t\t\t\t\t<a href=\"https:\/\/russischeblauwe.com\/de\/\">\n\t\t\t\t\t\tHome\t\n\t\t\t\t\t\t<\/a>\n\t\t\t\t\t\t<i class=\"exad-arrow fas fa-angle-right\"><\/i>\t\t\t\t\t<\/li>\n\n\t\t\t\t\t\t\t\t\t<\/ul>\n\t\t\t<\/div>\n\t\t\t\t<\/div>\n\t\t\t\t<\/div>\n\t\t\t\t\t<\/div>\n\t\t<\/div>\n\t\t\t\t\t\t\t<\/div>\n\t\t<\/section>\n\t\t\t\t<section data-exad-particle-enable=\"false\" class=\"elementor-section elementor-top-section elementor-element elementor-element-ca0a6ee elementor-section-boxed elementor-section-height-default elementor-section-height-default exad-parallax-effect-no exad-background-color-change-no exad-glass-effect-no exad-sticky-section-no\" data-id=\"ca0a6ee\" data-element_type=\"section\" data-settings=\"{&quot;jet_parallax_layout_list&quot;:[]}\">\n\t\t\t\t\t\t<div class=\"elementor-container elementor-column-gap-default\">\n\t\t\t\t\t<div class=\"elementor-column elementor-col-100 elementor-top-column elementor-element elementor-element-30df75e exad-glass-effect-no exad-sticky-section-no\" data-id=\"30df75e\" data-element_type=\"column\">\n\t\t\t<div class=\"elementor-widget-wrap elementor-element-populated\">\n\t\t\t\t\t\t\t\t<div class=\"elementor-element elementor-element-5fea714 exad-sticky-section-no exad-glass-effect-no elementor-widget elementor-widget-image\" data-id=\"5fea714\" data-element_type=\"widget\" data-widget_type=\"image.default\">\n\t\t\t\t<div class=\"elementor-widget-container\">\n\t\t\t<style>\/*! elementor - v3.12.1 - 02-04-2023 *\/\n.elementor-widget-image{text-align:center}.elementor-widget-image a{display:inline-block}.elementor-widget-image a img[src$=\".svg\"]{width:48px}.elementor-widget-image img{vertical-align:middle;display:inline-block}<\/style>\t\t\t\t\t\t\t\t\t\t\t\t<img loading=\"lazy\" decoding=\"async\" width=\"1120\" height=\"560\" src=\"https:\/\/russischeblauwe.com\/wp-content\/uploads\/2023\/02\/25.jpeg\" class=\"attachment-full size-full wp-image-1318\" alt=\"About Via Emilia cattery\" srcset=\"https:\/\/russischeblauwe.com\/wp-content\/uploads\/2023\/02\/25.jpeg 1120w, https:\/\/russischeblauwe.com\/wp-content\/uploads\/2023\/02\/25-300x150.jpeg 300w, https:\/\/russischeblauwe.com\/wp-content\/uploads\/2023\/02\/25-1024x512.jpeg 1024w, https:\/\/russischeblauwe.com\/wp-content\/uploads\/2023\/02\/25-768x384.jpeg 768w\" sizes=\"auto, (max-width: 1120px) 100vw, 1120px\" \/>\t\t\t\t\t\t\t\t\t\t\t\t\t\t\t<\/div>\n\t\t\t\t<\/div>\n\t\t\t\t<div class=\"elementor-element elementor-element-d5e7a64 exad-sticky-section-no exad-glass-effect-no elementor-widget elementor-widget-heading\" data-id=\"d5e7a64\" data-element_type=\"widget\" data-widget_type=\"heading.default\">\n\t\t\t\t<div class=\"elementor-widget-container\">\n\t\t\t<h2 class=\"elementor-heading-title elementor-size-default\">Via Emilia: Eine zertifizierte Russisch Blau Zuchtst\u00e4tte in Amsterdam<\/h2>\t\t<\/div>\n\t\t\t\t<\/div>\n\t\t\t\t<div class=\"elementor-element elementor-element-df8e014 elementor-widget__width-inherit exad-sticky-section-no exad-glass-effect-no elementor-widget elementor-widget-text-editor\" data-id=\"df8e014\" data-element_type=\"widget\" data-widget_type=\"text-editor.default\">\n\t\t\t\t<div class=\"elementor-widget-container\">\n\t\t\t<style>\/*! elementor - v3.12.1 - 02-04-2023 *\/\n.elementor-widget-text-editor.elementor-drop-cap-view-stacked .elementor-drop-cap{background-color:#69727d;color:#fff}.elementor-widget-text-editor.elementor-drop-cap-view-framed .elementor-drop-cap{color:#69727d;border:3px solid;background-color:transparent}.elementor-widget-text-editor:not(.elementor-drop-cap-view-default) .elementor-drop-cap{margin-top:8px}.elementor-widget-text-editor:not(.elementor-drop-cap-view-default) .elementor-drop-cap-letter{width:1em;height:1em}.elementor-widget-text-editor .elementor-drop-cap{float:left;text-align:center;line-height:1;font-size:50px}.elementor-widget-text-editor .elementor-drop-cap-letter{display:inline-block}<\/style>\t\t\t\t<p>Mit jahrelanger Erfahrung in der Zucht und dem Verkauf von Russisch Blau Katzen bietet Via Emilia erstklassige, gesunde K\u00e4tzchen, die den Rassestandards entsprechen. Jede unserer Katzen wird mit Sorgfalt und Liebe aufgezogen, um sicherzustellen, dass sie sozialisiert sind und bereit f\u00fcr ihr endg\u00fcltiges Zuhause.<br \/><br \/><\/p><p>Unser Expertenteam ist stolz auf seine Arbeit und garantiert, dass Sie eine Katze erhalten, die Ihren Erwartungen entspricht und Freude in Ihr Leben bringt. Wenn Sie sich f\u00fcr die Russisch Blau Zuchtst\u00e4tte Via Emilia entscheiden, k\u00f6nnen Sie sicher sein, dass Ihr neues Haustier entwurmt und frei von Krankheiten oder gesundheitlichen Problemen ist.<br \/><br \/><\/p><p>In unserer Zuchtst\u00e4tte werden unsere Katzen von speziell ausgebildeten Experten im Bereich der Felinologie betreut. Mit ihrer Expertise und ihrem Engagement f\u00fcr die Gesundheit der Katzen k\u00f6nnen Sie darauf vertrauen, dass Ihr neues Haustier die beste Behandlung erh\u00e4lt.<br \/><br \/><\/p><p>Alle unsere Katzen haben ausgezeichnete Stammb\u00e4ume, k\u00f6nnen an Ausstellungen teilnehmen und Titel erhalten. Aber f\u00fcr jetzt sind sie einfach Mitglieder einer gro\u00dfen und freundlichen Familie, mit einer wundersch\u00f6nen Russisch Blau Katze namens Max an der Spitze. Max ist aktueller Champion von Europa und Russland, und von ihm stammt der Nachwuchs der Russisch Blau Katzen in unserer Zuchtst\u00e4tte.<\/p><p><a href=\"https:\/\/www.topcatbreeders.com\" target=\"_blank\" rel=\"noopener\"><img decoding=\"async\" src=\"https:\/\/www.topcatbreeders.com\/banner_234x60.gif\" alt=\"Top Cat Breeders\" border=\"0\" \/><\/a><\/p>\t\t\t\t\t\t<\/div>\n\t\t\t\t<\/div>\n\t\t\t\t<div class=\"elementor-element elementor-element-1168301 exad-sticky-section-no exad-glass-effect-no elementor-widget elementor-widget-image\" data-id=\"1168301\" data-element_type=\"widget\" data-widget_type=\"image.default\">\n\t\t\t\t<div class=\"elementor-widget-container\">\n\t\t\t\t\t\t\t\t\t\t\t\t\t\t\t<img loading=\"lazy\" decoding=\"async\" width=\"1062\" height=\"531\" src=\"https:\/\/russischeblauwe.com\/wp-content\/uploads\/2023\/02\/22.jpeg\" class=\"attachment-full size-full wp-image-1319\" alt=\"Russian Blue kitten is eating\" srcset=\"https:\/\/russischeblauwe.com\/wp-content\/uploads\/2023\/02\/22.jpeg 1062w, https:\/\/russischeblauwe.com\/wp-content\/uploads\/2023\/02\/22-300x150.jpeg 300w, https:\/\/russischeblauwe.com\/wp-content\/uploads\/2023\/02\/22-1024x512.jpeg 1024w, https:\/\/russischeblauwe.com\/wp-content\/uploads\/2023\/02\/22-768x384.jpeg 768w\" sizes=\"auto, (max-width: 1062px) 100vw, 1062px\" \/>\t\t\t\t\t\t\t\t\t\t\t\t\t\t\t<\/div>\n\t\t\t\t<\/div>\n\t\t\t\t<div class=\"elementor-element elementor-element-d2af44d exad-sticky-section-no exad-glass-effect-no elementor-widget elementor-widget-heading\" data-id=\"d2af44d\" data-element_type=\"widget\" data-widget_type=\"heading.default\">\n\t\t\t\t<div class=\"elementor-widget-container\">\n\t\t\t<h2 class=\"elementor-heading-title elementor-size-default\">Was unsere Russisch Blau Zuchtst\u00e4tte bietet:<\/h2>\t\t<\/div>\n\t\t\t\t<\/div>\n\t\t\t\t<div class=\"elementor-element elementor-element-28b16b7 elementor-widget__width-inherit exad-sticky-section-no exad-glass-effect-no elementor-widget elementor-widget-text-editor\" data-id=\"28b16b7\" data-element_type=\"widget\" data-widget_type=\"text-editor.default\">\n\t\t\t\t<div class=\"elementor-widget-container\">\n\t\t\t\t\t\t\t<ol><li>Paarung &#8211; um Inzucht zu vermeiden und die Reinheit der Rasse zu gew\u00e4hrleisten;<br \/><br \/><\/li><li>\u00a0Registrierung und Ausstellung von P\u00e4ssen;<br \/><br \/><\/li><li>Betreuung bis zum Alter von 4 Monaten;<br \/><br \/><\/li><li>Gesunde und ausgewogene Ern\u00e4hrung;<br \/><br \/><\/li><li>Tier\u00e4rztliche Untersuchungen und rechtzeitige Impfungen;<br \/><br \/><\/li><li>Speziell ausgestattete R\u00e4umlichkeiten, in denen die Tiere wachsen und sich entwickeln;<br \/><br \/><\/li><li>Erziehung und Entwicklung, Stubenreinheit und Kratzbaumtraining.<\/li><\/ol><p>\u00a0<\/p><p>Wir stellen Ihnen die Eltern des Kittens vor, informieren Sie \u00fcber ihre Champion-Titel und stellen Ihnen Dokumente zur Verf\u00fcgung, die ihre Abstammung best\u00e4tigen. Wenn Sie ein K\u00e4tzchen aus unserer Zucht zu einem erschwinglichen Preis erwerben, k\u00f6nnen Sie sicher sein, dass es ein atemberaubendes Aussehen hat, den Rassestandards entspricht und die charaktertypischen Eigenschaften besitzt.<\/p><p>Au\u00dferdem k\u00f6nnen Sie in unserer Zucht auch Katzen anderer bemerkenswerter Rassen kennenlernen, darunter <a href=\"https:\/\/burmesecattery.com\/\">Burmesen<\/a> und \u00c4gyptische Mau.<\/p><p>Kontaktieren Sie uns jetzt und entdecken Sie, warum wir die beste Wahl f\u00fcr Katzenliebhaber sind!<\/p>\t\t\t\t\t\t<\/div>\n\t\t\t\t<\/div>\n\t\t\t\t<div class=\"elementor-element elementor-element-c876496 exad-sticky-section-no exad-glass-effect-no elementor-widget elementor-widget-heading\" data-id=\"c876496\" data-element_type=\"widget\" data-widget_type=\"heading.default\">\n\t\t\t\t<div class=\"elementor-widget-container\">\n\t\t\t<h2 class=\"elementor-heading-title elementor-size-default\">Via Emilia Zuchtst\u00e4tten Registrierung<\/h2>\t\t<\/div>\n\t\t\t\t<\/div>\n\t\t\t\t<div class=\"elementor-element elementor-element-6d976cd exad-sticky-section-no exad-glass-effect-no elementor-widget elementor-widget-spacer\" data-id=\"6d976cd\" data-element_type=\"widget\" data-widget_type=\"spacer.default\">\n\t\t\t\t<div class=\"elementor-widget-container\">\n\t\t\t<style>\/*! elementor - v3.12.1 - 02-04-2023 *\/\n.elementor-column .elementor-spacer-inner{height:var(--spacer-size)}.e-con{--container-widget-width:100%}.e-con-inner>.elementor-widget-spacer,.e-con>.elementor-widget-spacer{width:var(--container-widget-width,var(--spacer-size));--align-self:var(--container-widget-align-self,initial);--flex-shrink:0}.e-con-inner>.elementor-widget-spacer>.elementor-widget-container,.e-con-inner>.elementor-widget-spacer>.elementor-widget-container>.elementor-spacer,.e-con>.elementor-widget-spacer>.elementor-widget-container,.e-con>.elementor-widget-spacer>.elementor-widget-container>.elementor-spacer{height:100%}.e-con-inner>.elementor-widget-spacer>.elementor-widget-container>.elementor-spacer>.elementor-spacer-inner,.e-con>.elementor-widget-spacer>.elementor-widget-container>.elementor-spacer>.elementor-spacer-inner{height:var(--container-widget-height,var(--spacer-size))}<\/style>\t\t<div class=\"elementor-spacer\">\n\t\t\t<div class=\"elementor-spacer-inner\"><\/div>\n\t\t<\/div>\n\t\t\t\t<\/div>\n\t\t\t\t<\/div>\n\t\t\t\t<div class=\"elementor-element elementor-element-51e1243 exad-sticky-section-no exad-glass-effect-no elementor-widget elementor-widget-image\" data-id=\"51e1243\" data-element_type=\"widget\" data-widget_type=\"image.default\">\n\t\t\t\t<div class=\"elementor-widget-container\">\n\t\t\t\t\t\t\t\t\t\t\t\t\t\t\t<img loading=\"lazy\" decoding=\"async\" width=\"800\" height=\"582\" src=\"https:\/\/russischeblauwe.com\/wp-content\/uploads\/2023\/07\/Cattery-registration-via-emilia-1024x745.jpeg\" class=\"attachment-large size-large wp-image-6882\" alt=\"Cattery registration for the Via Emilia breeder\" srcset=\"https:\/\/russischeblauwe.com\/wp-content\/uploads\/2023\/07\/Cattery-registration-via-emilia-1024x745.jpeg 1024w, https:\/\/russischeblauwe.com\/wp-content\/uploads\/2023\/07\/Cattery-registration-via-emilia-300x218.jpeg 300w, https:\/\/russischeblauwe.com\/wp-content\/uploads\/2023\/07\/Cattery-registration-via-emilia-768x559.jpeg 768w, https:\/\/russischeblauwe.com\/wp-content\/uploads\/2023\/07\/Cattery-registration-via-emilia-1536x1117.jpeg 1536w, https:\/\/russischeblauwe.com\/wp-content\/uploads\/2023\/07\/Cattery-registration-via-emilia.jpeg 2000w\" sizes=\"auto, (max-width: 800px) 100vw, 800px\" \/>\t\t\t\t\t\t\t\t\t\t\t\t\t\t\t<\/div>\n\t\t\t\t<\/div>\n\t\t\t\t<div class=\"elementor-element elementor-element-5e88d92 exad-sticky-section-no exad-glass-effect-no elementor-widget elementor-widget-spacer\" data-id=\"5e88d92\" data-element_type=\"widget\" data-widget_type=\"spacer.default\">\n\t\t\t\t<div class=\"elementor-widget-container\">\n\t\t\t\t\t<div class=\"elementor-spacer\">\n\t\t\t<div class=\"elementor-spacer-inner\"><\/div>\n\t\t<\/div>\n\t\t\t\t<\/div>\n\t\t\t\t<\/div>\n\t\t\t\t<div class=\"elementor-element elementor-element-6af8193 exad-sticky-section-no exad-glass-effect-no elementor-widget elementor-widget-heading\" data-id=\"6af8193\" data-element_type=\"widget\" data-widget_type=\"heading.default\">\n\t\t\t\t<div class=\"elementor-widget-container\">\n\t\t\t<h3 class=\"elementor-heading-title elementor-size-default\">Katzenreservierung vornehmen<\/h3>\t\t<\/div>\n\t\t\t\t<\/div>\n\t\t\t\t<div class=\"elementor-element elementor-element-7bb991f elementor-align-center exad-sticky-section-no exad-glass-effect-no elementor-widget elementor-widget-button\" data-id=\"7bb991f\" data-element_type=\"widget\" data-widget_type=\"button.default\">\n\t\t\t\t<div class=\"elementor-widget-container\">\n\t\t\t\t\t<div class=\"elementor-button-wrapper\">\n\t\t\t<a href=\"#popup-book\" class=\"elementor-button-link elementor-button elementor-size-md elementor-animation-grow\" role=\"button\">\n\t\t\t\t\t\t<span class=\"elementor-button-content-wrapper\">\n\t\t\t\t\t\t\t<span class=\"elementor-button-icon elementor-align-icon-right\">\n\t\t\t\t\t\t\t<\/span>\n\t\t\t\t\t\t<span class=\"elementor-button-text\">Book<\/span>\n\t\t<\/span>\n\t\t\t\t\t<\/a>\n\t\t<\/div>\n\t\t\t\t<\/div>\n\t\t\t\t<\/div>\n\t\t\t\t\t<\/div>\n\t\t<\/div>\n\t\t\t\t\t\t\t<\/div>\n\t\t<\/section>\n\t\t\t\t\t\t\t<\/div>\n\t\t","protected":false},"excerpt":{"rendered":"<p>\u00dcber uns Home Via Emilia: Eine zertifizierte Russisch Blau Zuchtst\u00e4tte in Amsterdam Mit jahrelanger Erfahrung in der Zucht und dem Verkauf von Russisch Blau Katzen bietet Via Emilia erstklassige, gesunde K\u00e4tzchen, die den Rassestandards entsprechen. Jede unserer Katzen wird mit Sorgfalt und Liebe aufgezogen, um sicherzustellen, dass sie sozialisiert sind und bereit f\u00fcr ihr endg\u00fcltiges [&hellip;]<\/p>\n","protected":false},"author":2,"featured_media":0,"parent":0,"menu_order":0,"comment_status":"closed","ping_status":"closed","template":"elementor_header_footer","meta":{"footnotes":""},"class_list":["post-9950","page","type-page","status-publish","hentry"],"yoast_head":"<!-- This site is optimized with the Yoast SEO plugin v26.1.1 - https:\/\/yoast.com\/wordpress\/plugins\/seo\/ -->\n<title>\u00dcber uns | Russian Blue Cattery | Via Emilia<\/title>\n<meta name=\"description\" content=\"Mit jahrelanger Erfahrung in der Zucht und im Verkauf von Russian Blue Katzen bietet Via Emilia erstklassige, gesunde K\u00e4tzchen an, die den Rassestandards entsprechen.\" \/>\n<meta name=\"robots\" content=\"index, follow, max-snippet:-1, max-image-preview:large, max-video-preview:-1\" \/>\n<link rel=\"canonical\" href=\"https:\/\/russischeblauwe.com\/de\/ueber-uns\/\" \/>\n<meta property=\"og:locale\" content=\"de_DE\" \/>\n<meta property=\"og:type\" content=\"article\" \/>\n<meta property=\"og:title\" content=\"\u00dcber uns | Russian Blue Cattery | Via Emilia\" \/>\n<meta property=\"og:description\" content=\"Mit jahrelanger Erfahrung in der Zucht und im Verkauf von Russian Blue Katzen bietet Via Emilia erstklassige, gesunde K\u00e4tzchen an, die den Rassestandards entsprechen.\" \/>\n<meta property=\"og:url\" content=\"https:\/\/russischeblauwe.com\/de\/ueber-uns\/\" \/>\n<meta property=\"og:site_name\" content=\"Russian Blue Kittens | Via Emilia | Netherlands\" \/>\n<meta property=\"article:modified_time\" content=\"2024-09-07T13:27:27+00:00\" \/>\n<meta property=\"og:image\" content=\"https:\/\/russischeblauwe.com\/wp-content\/uploads\/2023\/02\/25.jpeg\" \/>\n<meta name=\"twitter:card\" content=\"summary_large_image\" \/>\n<meta name=\"twitter:label1\" content=\"Gesch\u00e4tzte Lesezeit\" \/>\n\t<meta name=\"twitter:data1\" content=\"3\u00a0Minuten\" \/>\n<script type=\"application\/ld+json\" class=\"yoast-schema-graph\">{\"@context\":\"https:\/\/schema.org\",\"@graph\":[{\"@type\":\"WebPage\",\"@id\":\"https:\/\/russischeblauwe.com\/de\/ueber-uns\/\",\"url\":\"https:\/\/russischeblauwe.com\/de\/ueber-uns\/\",\"name\":\"\u00dcber uns | Russian Blue Cattery | Via Emilia\",\"isPartOf\":{\"@id\":\"https:\/\/russischeblauwe.com\/#website\"},\"primaryImageOfPage\":{\"@id\":\"https:\/\/russischeblauwe.com\/de\/ueber-uns\/#primaryimage\"},\"image\":{\"@id\":\"https:\/\/russischeblauwe.com\/de\/ueber-uns\/#primaryimage\"},\"thumbnailUrl\":\"https:\/\/russischeblauwe.com\/wp-content\/uploads\/2023\/02\/25.jpeg\",\"datePublished\":\"2023-02-19T13:40:19+00:00\",\"dateModified\":\"2024-09-07T13:27:27+00:00\",\"description\":\"Mit jahrelanger Erfahrung in der Zucht und im Verkauf von Russian Blue Katzen bietet Via Emilia erstklassige, gesunde K\u00e4tzchen an, die den Rassestandards entsprechen.\",\"breadcrumb\":{\"@id\":\"https:\/\/russischeblauwe.com\/de\/ueber-uns\/#breadcrumb\"},\"inLanguage\":\"de\",\"potentialAction\":[{\"@type\":\"ReadAction\",\"target\":[\"https:\/\/russischeblauwe.com\/de\/ueber-uns\/\"]}]},{\"@type\":\"ImageObject\",\"inLanguage\":\"de\",\"@id\":\"https:\/\/russischeblauwe.com\/de\/ueber-uns\/#primaryimage\",\"url\":\"https:\/\/russischeblauwe.com\/wp-content\/uploads\/2023\/02\/25.jpeg\",\"contentUrl\":\"https:\/\/russischeblauwe.com\/wp-content\/uploads\/2023\/02\/25.jpeg\"},{\"@type\":\"BreadcrumbList\",\"@id\":\"https:\/\/russischeblauwe.com\/de\/ueber-uns\/#breadcrumb\",\"itemListElement\":[{\"@type\":\"ListItem\",\"position\":1,\"name\":\"Home\",\"item\":\"https:\/\/russischeblauwe.com\/\"},{\"@type\":\"ListItem\",\"position\":2,\"name\":\"\u00dcber uns\"}]},{\"@type\":\"WebSite\",\"@id\":\"https:\/\/russischeblauwe.com\/#website\",\"url\":\"https:\/\/russischeblauwe.com\/\",\"name\":\"Russian Blue Kittens | Via Emilia | Netherlands\",\"description\":\"Russian Blue Kittens available for sale\",\"publisher\":{\"@id\":\"https:\/\/russischeblauwe.com\/#\/schema\/person\/d77b59da95222bc54ce8a2af5bb5fa5f\"},\"potentialAction\":[{\"@type\":\"SearchAction\",\"target\":{\"@type\":\"EntryPoint\",\"urlTemplate\":\"https:\/\/russischeblauwe.com\/?s={search_term_string}\"},\"query-input\":{\"@type\":\"PropertyValueSpecification\",\"valueRequired\":true,\"valueName\":\"search_term_string\"}}],\"inLanguage\":\"de\"},{\"@type\":[\"Person\",\"Organization\"],\"@id\":\"https:\/\/russischeblauwe.com\/#\/schema\/person\/d77b59da95222bc54ce8a2af5bb5fa5f\",\"name\":\"\u0440\u0443\u0431-\u0430\u0434\u043c\u0438\u043d\",\"image\":{\"@type\":\"ImageObject\",\"inLanguage\":\"de\",\"@id\":\"https:\/\/russischeblauwe.com\/#\/schema\/person\/image\/\",\"url\":\"https:\/\/russischeblauwe.com\/wp-content\/uploads\/2023\/03\/logo-rb.webp\",\"contentUrl\":\"https:\/\/russischeblauwe.com\/wp-content\/uploads\/2023\/03\/logo-rb.webp\",\"width\":334,\"height\":84,\"caption\":\"\u0440\u0443\u0431-\u0430\u0434\u043c\u0438\u043d\"},\"logo\":{\"@id\":\"https:\/\/russischeblauwe.com\/#\/schema\/person\/image\/\"},\"sameAs\":[\"https:\/\/russischeblauwe.com\"]}]}<\/script>\n<!-- \/ Yoast SEO plugin. -->","yoast_head_json":{"title":"\u00dcber uns | Russian Blue Cattery | Via Emilia","description":"Mit jahrelanger Erfahrung in der Zucht und im Verkauf von Russian Blue Katzen bietet Via Emilia erstklassige, gesunde K\u00e4tzchen an, die den Rassestandards entsprechen.","robots":{"index":"index","follow":"follow","max-snippet":"max-snippet:-1","max-image-preview":"max-image-preview:large","max-video-preview":"max-video-preview:-1"},"canonical":"https:\/\/russischeblauwe.com\/de\/ueber-uns\/","og_locale":"de_DE","og_type":"article","og_title":"\u00dcber uns | Russian Blue Cattery | Via Emilia","og_description":"Mit jahrelanger Erfahrung in der Zucht und im Verkauf von Russian Blue Katzen bietet Via Emilia erstklassige, gesunde K\u00e4tzchen an, die den Rassestandards entsprechen.","og_url":"https:\/\/russischeblauwe.com\/de\/ueber-uns\/","og_site_name":"Russian Blue Kittens | Via Emilia | Netherlands","article_modified_time":"2024-09-07T13:27:27+00:00","og_image":[{"url":"https:\/\/russischeblauwe.com\/wp-content\/uploads\/2023\/02\/25.jpeg","type":"","width":"","height":""}],"twitter_card":"summary_large_image","twitter_misc":{"Gesch\u00e4tzte Lesezeit":"3\u00a0Minuten"},"schema":{"@context":"https:\/\/schema.org","@graph":[{"@type":"WebPage","@id":"https:\/\/russischeblauwe.com\/de\/ueber-uns\/","url":"https:\/\/russischeblauwe.com\/de\/ueber-uns\/","name":"\u00dcber uns | Russian Blue Cattery | Via Emilia","isPartOf":{"@id":"https:\/\/russischeblauwe.com\/#website"},"primaryImageOfPage":{"@id":"https:\/\/russischeblauwe.com\/de\/ueber-uns\/#primaryimage"},"image":{"@id":"https:\/\/russischeblauwe.com\/de\/ueber-uns\/#primaryimage"},"thumbnailUrl":"https:\/\/russischeblauwe.com\/wp-content\/uploads\/2023\/02\/25.jpeg","datePublished":"2023-02-19T13:40:19+00:00","dateModified":"2024-09-07T13:27:27+00:00","description":"Mit jahrelanger Erfahrung in der Zucht und im Verkauf von Russian Blue Katzen bietet Via Emilia erstklassige, gesunde K\u00e4tzchen an, die den Rassestandards entsprechen.","breadcrumb":{"@id":"https:\/\/russischeblauwe.com\/de\/ueber-uns\/#breadcrumb"},"inLanguage":"de","potentialAction":[{"@type":"ReadAction","target":["https:\/\/russischeblauwe.com\/de\/ueber-uns\/"]}]},{"@type":"ImageObject","inLanguage":"de","@id":"https:\/\/russischeblauwe.com\/de\/ueber-uns\/#primaryimage","url":"https:\/\/russischeblauwe.com\/wp-content\/uploads\/2023\/02\/25.jpeg","contentUrl":"https:\/\/russischeblauwe.com\/wp-content\/uploads\/2023\/02\/25.jpeg"},{"@type":"BreadcrumbList","@id":"https:\/\/russischeblauwe.com\/de\/ueber-uns\/#breadcrumb","itemListElement":[{"@type":"ListItem","position":1,"name":"Home","item":"https:\/\/russischeblauwe.com\/"},{"@type":"ListItem","position":2,"name":"\u00dcber uns"}]},{"@type":"WebSite","@id":"https:\/\/russischeblauwe.com\/#website","url":"https:\/\/russischeblauwe.com\/","name":"Russian Blue Kittens | Via Emilia | Netherlands","description":"Russian Blue Kittens available for sale","publisher":{"@id":"https:\/\/russischeblauwe.com\/#\/schema\/person\/d77b59da95222bc54ce8a2af5bb5fa5f"},"potentialAction":[{"@type":"SearchAction","target":{"@type":"EntryPoint","urlTemplate":"https:\/\/russischeblauwe.com\/?s={search_term_string}"},"query-input":{"@type":"PropertyValueSpecification","valueRequired":true,"valueName":"search_term_string"}}],"inLanguage":"de"},{"@type":["Person","Organization"],"@id":"https:\/\/russischeblauwe.com\/#\/schema\/person\/d77b59da95222bc54ce8a2af5bb5fa5f","name":"\u0440\u0443\u0431-\u0430\u0434\u043c\u0438\u043d","image":{"@type":"ImageObject","inLanguage":"de","@id":"https:\/\/russischeblauwe.com\/#\/schema\/person\/image\/","url":"https:\/\/russischeblauwe.com\/wp-content\/uploads\/2023\/03\/logo-rb.webp","contentUrl":"https:\/\/russischeblauwe.com\/wp-content\/uploads\/2023\/03\/logo-rb.webp","width":334,"height":84,"caption":"\u0440\u0443\u0431-\u0430\u0434\u043c\u0438\u043d"},"logo":{"@id":"https:\/\/russischeblauwe.com\/#\/schema\/person\/image\/"},"sameAs":["https:\/\/russischeblauwe.com"]}]}},"_links":{"self":[{"href":"https:\/\/russischeblauwe.com\/de\/wp-json\/wp\/v2\/pages\/9950","targetHints":{"allow":["GET"]}}],"collection":[{"href":"https:\/\/russischeblauwe.com\/de\/wp-json\/wp\/v2\/pages"}],"about":[{"href":"https:\/\/russischeblauwe.com\/de\/wp-json\/wp\/v2\/types\/page"}],"author":[{"embeddable":true,"href":"https:\/\/russischeblauwe.com\/de\/wp-json\/wp\/v2\/users\/2"}],"replies":[{"embeddable":true,"href":"https:\/\/russischeblauwe.com\/de\/wp-json\/wp\/v2\/comments?post=9950"}],"version-history":[{"count":15,"href":"https:\/\/russischeblauwe.com\/de\/wp-json\/wp\/v2\/pages\/9950\/revisions"}],"predecessor-version":[{"id":11899,"href":"https:\/\/russischeblauwe.com\/de\/wp-json\/wp\/v2\/pages\/9950\/revisions\/11899"}],"wp:attachment":[{"href":"https:\/\/russischeblauwe.com\/de\/wp-json\/wp\/v2\/media?parent=9950"}],"curies":[{"name":"wp","href":"https:\/\/api.w.org\/{rel}","templated":true}]}}